{"id":7908,"date":"2012-10-07T17:00:03","date_gmt":"2012-10-07T17:00:03","guid":{"rendered":"http:\/\/www.delu-china.com\/en\/?page_id=7908"},"modified":"2015-07-02T16:36:35","modified_gmt":"2015-07-02T16:36:35","slug":"bolsas-de-la-joyeria-y-viajes","status":"publish","type":"page","link":"https:\/\/delu-china.com\/es\/galeria-de-productos\/bolsas-de-tela\/bolsas-de-la-joyeria-y-viajes\/","title":{"rendered":"bolsas de la joyer\u00eda y viajes"},"content":{"rendered":"<div class=\"tabs-area\"><ul class=\"tabset\"><li><a href=\"#tab-\" class=\"tab\"><span>Nuestra bolsas de la joyer\u00eda y viajes<\/span><\/a><\/li><li><a href=\"#tab-1\" class=\"tab\"><span>bolsas de la joyer\u00eda y viajes personalizada<\/span><\/a><\/li><\/ul><div id=\"tab-\" class=\"tab-box\"><p>Nuestras bolsas de la joyer\u00eda y los viajes se hacen de materiales seleccionados y tradicionalmente a mano solamente. Por lo tanto, nuestra calidad es muy singular en el mercado. Para m\u00e1s informaci\u00f3n y o peticiones especiales por favor cont\u00e1ctenos por correo electr\u00f3nico o directamente a trav\u00e9s de nuestro <strong><a title=\"Contacto DELU Ltd.\" href=\"https:\/\/delu-china.com\/es\/contacto\/\">formulario de contacto.<\/a><\/strong><\/p>\n<\/div><div id=\"tab-1\" class=\"tab-box\"><p>Todas las bolsas de la joyer\u00eda y los viajes pueden cambiarse a sus necesidades espec\u00edficas. Impresi\u00f3n y tama\u00f1os colores se pueden personalizar f\u00e1cilmente. Para m\u00e1s informaci\u00f3n p\u00f3ngase en <strong><a title=\"Contacto DELU Ltd.\" href=\"https:\/\/delu-china.com\/es\/contacto\/\">contacto<\/a><\/strong> con nosotros, estaremos encantados de ayudarle con cualquier pregunta que pueda tener.<\/p>\n<\/div><\/div><table style=\"height: 40px\" border=\"0\">\n<tbody>\n<tr>\n<td><\/td>\n<\/tr>\n<\/tbody>\n<\/table>\n","protected":false},"excerpt":{"rendered":"<p><\/p>\n","protected":false},"author":5,"featured_media":0,"parent":5644,"menu_order":0,"comment_status":"open","ping_status":"open","template":"template-portfolio-2-columns+sidenav_left.php","meta":{"footnotes":""},"class_list":["post-7908","page","type-page","status-publish","hentry"],"_links":{"self":[{"href":"https:\/\/delu-china.com\/es\/wp-json\/wp\/v2\/pages\/7908","targetHints":{"allow":["GET"]}}],"collection":[{"href":"https:\/\/delu-china.com\/es\/wp-json\/wp\/v2\/pages"}],"about":[{"href":"https:\/\/delu-china.com\/es\/wp-json\/wp\/v2\/types\/page"}],"author":[{"embeddable":true,"href":"https:\/\/delu-china.com\/es\/wp-json\/wp\/v2\/users\/5"}],"replies":[{"embeddable":true,"href":"https:\/\/delu-china.com\/es\/wp-json\/wp\/v2\/comments?post=7908"}],"version-history":[{"count":9,"href":"https:\/\/delu-china.com\/es\/wp-json\/wp\/v2\/pages\/7908\/revisions"}],"predecessor-version":[{"id":8627,"href":"https:\/\/delu-china.com\/es\/wp-json\/wp\/v2\/pages\/7908\/revisions\/8627"}],"up":[{"embeddable":true,"href":"https:\/\/delu-china.com\/es\/wp-json\/wp\/v2\/pages\/5644"}],"wp:attachment":[{"href":"https:\/\/delu-china.com\/es\/wp-json\/wp\/v2\/media?parent=7908"}],"curies":[{"name":"wp","href":"https:\/\/api.w.org\/{rel}","templated":true}]}}