{"id":7792,"date":"2012-09-28T20:29:06","date_gmt":"2012-09-28T20:29:06","guid":{"rendered":"http:\/\/www.delu-china.com\/en\/?page_id=7792"},"modified":"2021-01-26T20:32:45","modified_gmt":"2021-01-26T20:32:45","slug":"cinta-de-raso","status":"publish","type":"page","link":"https:\/\/delu-china.com\/es\/cintas-de-tela-y-lazos\/cinta-de-raso\/","title":{"rendered":"Cinta de raso"},"content":{"rendered":"<div class=\"tabs-area\"><ul class=\"tabset\"><li><a href=\"#tab-\" class=\"tab\"><span>Nuestra cinta de raso est\u00e1ndar<\/span><\/a><\/li><li><a href=\"#tab-1\" class=\"tab\"><span>Cinta de raso personalizada<\/span><\/a><\/li><li><a href=\"#tab-2\" class=\"tab\"><span>Express entrega<\/span><\/a><\/li><\/ul><div id=\"tab-\" class=\"tab-box\"><p>Nuestras cintas de raso est\u00e1n hechas de poli\u00e9ster de alta calidad solamente. Las anchuras est\u00e1ndar son 5\/8 &#8220;(16 cm) y 7\/8&#8221; (22 cm). Suministramos todas las cintas est\u00e1ndar en rollos, cada rollo contiene 100 yardas (~ 91,5 m). Como nuestras condiciones de compra en China son muy favorables, con mucho gusto pasamos nuestros mejores precios para usted. Para obtener m\u00e1s informaci\u00f3n, le agradecer\u00edamos contactarnos por correo electr\u00f3nico y\/o directamente a trav\u00e9s de nuestro formulario de <strong><a title=\"Contacto DELU Ltd.\" href=\"https:\/\/delu-china.com\/es\/contacto\/\">contacto<\/a><\/strong>.<\/p>\n<\/div><div id=\"tab-1\" class=\"tab-box\"><p>Todas las cintas de raso se muestra pueden ser f\u00e1ciles ajustar individualmente para satisfacer sus necesidades. Colores y si lo desea, una impresi\u00f3n de la insignia, son f\u00e1cilmente adaptables. Para obtener m\u00e1s informaci\u00f3n acerca de los ajustes individuales, p\u00f3ngase en <strong><a title=\"Contacto DELU Ltd.\" href=\"https:\/\/delu-china.com\/es\/contacto\/\">contacto<\/a><\/strong> con nosotros en cualquier momento.\u00a0<\/p>\n<\/div><div id=\"tab-2\" class=\"tab-box\"><p>Peque\u00f1as cantidades pueden enviarse directamente por el servicio Express de China. Nuestra experiencia ha demostrado tiempo y los costos de flete en comparaci\u00f3n con los embarques de contenedores pueden ser mucho m\u00e1s competitivos. Para averiguar los precios para el env\u00edo por expreso con la cantidad deseada, simplemente <strong><a title=\"Contacto DELU Ltd.\" href=\"https:\/\/delu-china.com\/es\/contacto\/\">contacte<\/a><\/strong> con nosotros.<\/p>\n<\/div><\/div><table style=\"height: 40px\" border=\"0\">\n<tbody>\n<tr>\n<td><\/td>\n<\/tr>\n<\/tbody>\n<\/table>\n","protected":false},"excerpt":{"rendered":"<p><\/p>\n","protected":false},"author":5,"featured_media":0,"parent":5770,"menu_order":0,"comment_status":"open","ping_status":"open","template":"template-portfolio-3-columns+sidenav_left.php","meta":{"footnotes":""},"class_list":["post-7792","page","type-page","status-publish","hentry"],"_links":{"self":[{"href":"https:\/\/delu-china.com\/es\/wp-json\/wp\/v2\/pages\/7792","targetHints":{"allow":["GET"]}}],"collection":[{"href":"https:\/\/delu-china.com\/es\/wp-json\/wp\/v2\/pages"}],"about":[{"href":"https:\/\/delu-china.com\/es\/wp-json\/wp\/v2\/types\/page"}],"author":[{"embeddable":true,"href":"https:\/\/delu-china.com\/es\/wp-json\/wp\/v2\/users\/5"}],"replies":[{"embeddable":true,"href":"https:\/\/delu-china.com\/es\/wp-json\/wp\/v2\/comments?post=7792"}],"version-history":[{"count":7,"href":"https:\/\/delu-china.com\/es\/wp-json\/wp\/v2\/pages\/7792\/revisions"}],"predecessor-version":[{"id":8648,"href":"https:\/\/delu-china.com\/es\/wp-json\/wp\/v2\/pages\/7792\/revisions\/8648"}],"up":[{"embeddable":true,"href":"https:\/\/delu-china.com\/es\/wp-json\/wp\/v2\/pages\/5770"}],"wp:attachment":[{"href":"https:\/\/delu-china.com\/es\/wp-json\/wp\/v2\/media?parent=7792"}],"curies":[{"name":"wp","href":"https:\/\/api.w.org\/{rel}","templated":true}]}}