{"id":7762,"date":"2012-09-18T06:13:28","date_gmt":"2012-09-18T06:13:28","guid":{"rendered":"http:\/\/www.delu-china.com\/en\/?page_id=7762"},"modified":"2017-01-31T10:57:28","modified_gmt":"2017-01-31T10:57:28","slug":"disenos","status":"publish","type":"page","link":"https:\/\/delu-china.com\/es\/servicio-de-rendimiento\/disenos\/","title":{"rendered":"Dise\u00f1os"},"content":{"rendered":"<div class=\"callout-wrap\"><span>En los \u00faltimos a\u00f1os, hemos tenido muchas oportunidades para desarrollar nuevos productos y dise\u00f1os para nuestros clientes. Siempre estamos informados sobre las \u00faltimas tendencias y tecnolog\u00edas en el mercado. Por lo tanto, ofrecemos a nuestros clientes un \u00f3ptimo punto de partida en sus respectivos mercados.<\/span><\/div><!-- end callout-wrap --><br class=\"clear\" \/>\n<p class=\"message_yellow\" style=\"font-size:13px;\"><span style=\"font-size: small\"><strong>Abajo se encuentra una peque\u00f1a selecci\u00f3n de modelos 3D, que hemos creado para varios proyectos. Por favor s\u00f3lo mueve el puntero del rat\u00f3n sobre los modelos de rotar 360 grados.<\/strong><\/span><\/p><br class=\"clear\" \/><p>&nbsp;<\/p>\n<div class=\"video-wrap video_left\"><div class=\"video-main\">\n\t<div class=\"video-frame\">\r\n\r\n<iframe class=\"\" src=\"https:\/\/delu-china.com\/3d_content\/pic360\/index.html\" style=\"width: 98%; height: 556px; \" frameborder=\"0\" scrolling=\"\" onload=\"scro11me(this)\"><\/iframe><script type=\"text\/javascript\">function scro11me(f){f.contentWindow.scrollTo(310px,0); }<\/script>\r\n<\/div><!-- end video-frame -->\n<\/div><!-- end video-main --><div class=\"video-sub\"><h2>\n<p>Estudio de concepto<\/p>\n<p>Secretario con caj\u00f3n<\/p>\n<\/h2>\n<p><strong>Base de cuerpo: cuerpo hecho de respetuoso del tablero gris (aglomerado)<\/strong><\/p>\n<p><strong>Cubierta: Offset papel impreso o material de la PU.<\/strong><\/p>\n<p><strong>Uso: Almacenamiento de documentos y escritura utensilios<\/strong><\/p>\n<\/div><!-- end video-sub --><br class=\"clear\" \/><\/div><!-- end video-wrap --><p>&nbsp;<\/p>\n<div class=\"video-wrap video_left\"><div class=\"video-main\">\n\t<div class=\"video-frame\">\r\n\r\n<iframe class=\"\" src=\"http:\/\/delu-china.com\/3d_content\/pic360\/3d_ring_box_index.html\" style=\"width: 98%; height: 556px; \" frameborder=\"0\" scrolling=\"\" onload=\"scro11me(this)\"><\/iframe><script type=\"text\/javascript\">function scro11me(f){f.contentWindow.scrollTo(310px,0); }<\/script>\r\n<\/div><!-- end video-frame -->\n<\/div><!-- end video-main --><div class=\"video-sub\"><h2>\n<p>Estudio de concepto<\/p>\n<p>Anillo de la Caja<\/p>\n<\/h2>\n<p><strong>Base cuerpo: chapeado madera.<\/strong><\/p>\n<p><strong><\/strong><br \/>\n<strong>Insertar: Cubierto con material de la PU.<\/strong><\/p>\n<p><strong><\/strong><br \/>\n<strong>Uso: Almacenamiento de anillos.<\/strong><\/p>\n<\/div><!-- end video-sub --><br class=\"clear\" \/><\/div><!-- end video-wrap --><p>&nbsp;<\/p>\n<div class=\"video-wrap video_left\"><div class=\"video-main\">\n\t<div class=\"video-frame\">\r\n\r\n<iframe class=\"\" src=\"http:\/\/delu-china.com\/3d_content\/pic360\/3d_pendant_index.html\" style=\"width: 98%; height: 556px; \" frameborder=\"0\" scrolling=\"\" onload=\"scro11me(this)\"><\/iframe><script type=\"text\/javascript\">function scro11me(f){f.contentWindow.scrollTo(310px,0); }<\/script>\r\n<\/div><!-- end video-frame -->\n<\/div><!-- end video-main --><div class=\"video-sub\"><h2>\n<p>Concepto estudio<\/p>\n<p>Caja de joyer\u00eda universal<\/p>\n<\/h2>\n<p><strong>Base cuerpo: chapeado madera.<\/strong><\/p>\n<p><strong><\/strong><br \/>\n<strong>Insertar: Cubierto con material de la PU.<\/strong><\/p>\n<p><strong><\/strong><br \/>\n<strong>Uso: Almacenamiento de anillos, clips de o\u00eddo y pulseras.<\/strong><\/p>\n<\/div><!-- end video-sub --><br class=\"clear\" \/><\/div><!-- end video-wrap --><p>&nbsp;<\/p>\n<div class=\"video-wrap video_left\"><div class=\"video-main\">\n\t<div class=\"video-frame\">\r\n\r\n<iframe class=\"\" src=\"http:\/\/delu-china.com\/3d_content\/pic360\/3d_drawer_box_for_rings_index.html\" style=\"width: 98%; height: 556px; \" frameborder=\"0\" scrolling=\"\" onload=\"scro11me(this)\"><\/iframe><script type=\"text\/javascript\">function scro11me(f){f.contentWindow.scrollTo(310px,0); }<\/script>\r\n<\/div><!-- end video-frame -->\n<\/div><!-- end video-main --><div class=\"video-sub\"><h2>\n<p>Concepto estudio<\/p>\n<p>Sistema de caj\u00f3n para los anillos<\/p>\n<\/h2>\n<p><strong>Base cuerpo: chapeado madera.<\/strong><\/p>\n<p><strong><\/strong><br \/>\n<strong>Insertar: Cubierto con material de la PU.<\/strong><\/p>\n<p><strong><\/strong><br \/>\n<strong>Uso: Almacenamiento de anillos para tiendas de joyer\u00eda.<\/strong><\/p>\n<\/div><!-- end video-sub --><br class=\"clear\" \/><\/div><!-- end video-wrap --><p>&nbsp;<\/p>\n","protected":false},"excerpt":{"rendered":"<p>&nbsp;<br \/>\n&nbsp;<br \/>\n&nbsp;<br \/>\n&nbsp;<br \/>\n&nbsp;<\/p>\n","protected":false},"author":5,"featured_media":0,"parent":2571,"menu_order":0,"comment_status":"open","ping_status":"open","template":"","meta":{"footnotes":""},"class_list":["post-7762","page","type-page","status-publish","hentry"],"_links":{"self":[{"href":"https:\/\/delu-china.com\/es\/wp-json\/wp\/v2\/pages\/7762","targetHints":{"allow":["GET"]}}],"collection":[{"href":"https:\/\/delu-china.com\/es\/wp-json\/wp\/v2\/pages"}],"about":[{"href":"https:\/\/delu-china.com\/es\/wp-json\/wp\/v2\/types\/page"}],"author":[{"embeddable":true,"href":"https:\/\/delu-china.com\/es\/wp-json\/wp\/v2\/users\/5"}],"replies":[{"embeddable":true,"href":"https:\/\/delu-china.com\/es\/wp-json\/wp\/v2\/comments?post=7762"}],"version-history":[{"count":14,"href":"https:\/\/delu-china.com\/es\/wp-json\/wp\/v2\/pages\/7762\/revisions"}],"predecessor-version":[{"id":8647,"href":"https:\/\/delu-china.com\/es\/wp-json\/wp\/v2\/pages\/7762\/revisions\/8647"}],"up":[{"embeddable":true,"href":"https:\/\/delu-china.com\/es\/wp-json\/wp\/v2\/pages\/2571"}],"wp:attachment":[{"href":"https:\/\/delu-china.com\/es\/wp-json\/wp\/v2\/media?parent=7762"}],"curies":[{"name":"wp","href":"https:\/\/api.w.org\/{rel}","templated":true}]}}