{"id":7521,"date":"2012-09-07T04:27:38","date_gmt":"2012-09-07T04:27:38","guid":{"rendered":"http:\/\/www.delu-china.com\/en\/?page_id=7521"},"modified":"2015-08-04T01:34:33","modified_gmt":"2015-08-04T01:34:33","slug":"cajas-de-regalo-de-corazon","status":"publish","type":"page","link":"https:\/\/delu-china.com\/es\/galeria-de-productos\/cajas-de-regalo\/cajas-de-regalo-de-corazon\/","title":{"rendered":"Cajas de regalo de coraz\u00f3n"},"content":{"rendered":"<div class=\"tabs-area\"><ul class=\"tabset\"><li><a href=\"#tab-\" class=\"tab\"><span>Nuestra Cajas de regalo de coraz\u00f3n<\/span><\/a><\/li><li><a href=\"#tab-1\" class=\"tab\"><span>Modificado Cajas de regalo de coraz\u00f3n<\/span><\/a><\/li><\/ul><div id=\"tab-\" class=\"tab-box\"><p>Nuestro coraz\u00f3n en forma de cajas de regalo est\u00e1n hechos de materiales seleccionados y tradicionalmente a mano solamente. Por lo tanto, nuestra calidad es muy singular en el mercado. Para m\u00e1s informaci\u00f3n y o peticiones especiales por favor cont\u00e1ctenos por correo electr\u00f3nico o directamente a trav\u00e9s de nuestro formulario de <a title=\"Contacto DELU Ltd.\" href=\"https:\/\/delu-china.com\/es\/contacto\/\"><strong>contacto<\/strong><\/a>.<\/p>\n<\/div><div id=\"tab-1\" class=\"tab-box\"><p>Todo coraz\u00f3n en forma de cajas de regalo se muestra puede cambiar hasta sus necesidades espec\u00edficas. Impresi\u00f3n y tama\u00f1os colores se pueden personalizar f\u00e1cilmente. Para m\u00e1s informaci\u00f3n p\u00f3ngase en <strong><a title=\"Contacto DELU Ltd.\" href=\"https:\/\/delu-china.com\/es\/contacto\/\">contacto<\/a><\/strong> con nosotros, estaremos encantados de ayudarle con cualquier pregunta que pueda tener.<\/p>\n<\/div><\/div><table style=\"height: 40px\" border=\"0\">\n<tbody>\n<tr>\n<td><\/td>\n<\/tr>\n<\/tbody>\n<\/table>\n","protected":false},"excerpt":{"rendered":"<p><\/p>\n","protected":false},"author":5,"featured_media":0,"parent":5675,"menu_order":0,"comment_status":"open","ping_status":"open","template":"template-portfolio-2-columns+sidenav_left.php","meta":{"footnotes":""},"class_list":["post-7521","page","type-page","status-publish","hentry"],"_links":{"self":[{"href":"https:\/\/delu-china.com\/es\/wp-json\/wp\/v2\/pages\/7521","targetHints":{"allow":["GET"]}}],"collection":[{"href":"https:\/\/delu-china.com\/es\/wp-json\/wp\/v2\/pages"}],"about":[{"href":"https:\/\/delu-china.com\/es\/wp-json\/wp\/v2\/types\/page"}],"author":[{"embeddable":true,"href":"https:\/\/delu-china.com\/es\/wp-json\/wp\/v2\/users\/5"}],"replies":[{"embeddable":true,"href":"https:\/\/delu-china.com\/es\/wp-json\/wp\/v2\/comments?post=7521"}],"version-history":[{"count":9,"href":"https:\/\/delu-china.com\/es\/wp-json\/wp\/v2\/pages\/7521\/revisions"}],"predecessor-version":[{"id":8634,"href":"https:\/\/delu-china.com\/es\/wp-json\/wp\/v2\/pages\/7521\/revisions\/8634"}],"up":[{"embeddable":true,"href":"https:\/\/delu-china.com\/es\/wp-json\/wp\/v2\/pages\/5675"}],"wp:attachment":[{"href":"https:\/\/delu-china.com\/es\/wp-json\/wp\/v2\/media?parent=7521"}],"curies":[{"name":"wp","href":"https:\/\/api.w.org\/{rel}","templated":true}]}}