{"id":6702,"date":"2012-07-30T12:03:20","date_gmt":"2012-07-30T12:03:20","guid":{"rendered":"http:\/\/www.delu-china.com\/en\/?page_id=6702"},"modified":"2015-06-21T21:38:45","modified_gmt":"2015-06-21T21:38:45","slug":"bolsas-de-yute","status":"publish","type":"page","link":"https:\/\/delu-china.com\/es\/galeria-de-productos\/bolsas-de-tela\/bolsas-de-yute\/","title":{"rendered":"Bolsas de yute"},"content":{"rendered":"<div class=\"tabs-area\"><ul class=\"tabset\"><li><a href=\"#tab-\" class=\"tab\"><span>Bolsas de yute\/arpillera personalizada<\/span><\/a><\/li><li><a href=\"#tab-1\" class=\"tab\"><span>M\u00e1s sobre fibras de yute<\/span><\/a><\/li><\/ul><div id=\"tab-\" class=\"tab-box\"><p>Todas las bolsas que se muestra pueden cambiar hasta sus necesidades espec\u00edficas. Impresi\u00f3n y tama\u00f1os colores se pueden personalizar f\u00e1cilmente. Para m\u00e1s informaci\u00f3n p\u00f3ngase en <strong><a title=\"Contacto DELU Ltd.\" href=\"https:\/\/delu-china.com\/es\/contacto\/\">contacto<\/a><\/strong> con nosotros, estaremos encantados de ayudarle con cualquier pregunta que pueda tener.<\/p>\n<\/div><div id=\"tab-1\" class=\"tab-box\"><p>Fibras de yute son completamente biodegradables. Yute tiene un brillo de oro y sedoso, por lo tanto, tambi\u00e9n se le llama &#8220;la fibra de oro&#8221;. Se caracteriza por una capacidad de absorci\u00f3n de agua. Las fibras de yute tienen una alta resistencia a la tracci\u00f3n.<\/p>\n<\/div><\/div><table style=\"height: 40px\" border=\"0\">\n<tbody>\n<tr>\n<td><\/td>\n<\/tr>\n<\/tbody>\n<\/table>\n","protected":false},"excerpt":{"rendered":"<p><\/p>\n","protected":false},"author":5,"featured_media":0,"parent":5644,"menu_order":0,"comment_status":"open","ping_status":"open","template":"template-portfolio-2-columns+sidenav_left.php","meta":{"footnotes":""},"class_list":["post-6702","page","type-page","status-publish","hentry"],"_links":{"self":[{"href":"https:\/\/delu-china.com\/es\/wp-json\/wp\/v2\/pages\/6702","targetHints":{"allow":["GET"]}}],"collection":[{"href":"https:\/\/delu-china.com\/es\/wp-json\/wp\/v2\/pages"}],"about":[{"href":"https:\/\/delu-china.com\/es\/wp-json\/wp\/v2\/types\/page"}],"author":[{"embeddable":true,"href":"https:\/\/delu-china.com\/es\/wp-json\/wp\/v2\/users\/5"}],"replies":[{"embeddable":true,"href":"https:\/\/delu-china.com\/es\/wp-json\/wp\/v2\/comments?post=6702"}],"version-history":[{"count":57,"href":"https:\/\/delu-china.com\/es\/wp-json\/wp\/v2\/pages\/6702\/revisions"}],"predecessor-version":[{"id":8625,"href":"https:\/\/delu-china.com\/es\/wp-json\/wp\/v2\/pages\/6702\/revisions\/8625"}],"up":[{"embeddable":true,"href":"https:\/\/delu-china.com\/es\/wp-json\/wp\/v2\/pages\/5644"}],"wp:attachment":[{"href":"https:\/\/delu-china.com\/es\/wp-json\/wp\/v2\/media?parent=6702"}],"curies":[{"name":"wp","href":"https:\/\/api.w.org\/{rel}","templated":true}]}}