{"id":6191,"date":"2012-07-19T08:53:17","date_gmt":"2012-07-19T08:53:17","guid":{"rendered":"http:\/\/www.delu-china.com\/en\/?page_id=6191"},"modified":"2016-04-22T14:22:00","modified_gmt":"2016-04-22T14:22:00","slug":"bolsas-de-papel","status":"publish","type":"page","link":"https:\/\/delu-china.com\/es\/galeria-de-productos\/bolsas-de-papel\/","title":{"rendered":"Bolsas de papel"},"content":{"rendered":"<ul class=\"accordion accord1\"><li><a href=\"#\" class=\"opener\"><strong>Nuestras bolsas de papel<\/strong><\/a><div class=\"slide-holder\"><div class=\"slide\"><p>Nuestras bolsas de papel est\u00e1n hechos de materiales seleccionados s\u00f3lo y tradicionalmente hechos a mano. Por lo tanto, nuestra calidad es muy singular en el mercado. Para m\u00e1s informaci\u00f3n y o peticiones especiales por favor cont\u00e1ctenos por correo electr\u00f3nico o a trav\u00e9s de nuestro formulario de <a title=\"Contacto DELU Ltd.\" href=\"https:\/\/delu-china.com\/es\/contacto\/\">contacto<\/a>.<\/p>\n<\/div><\/div><\/li><\/ul><script type='text\/javascript'>jQuery(document).ready(function() {jQuery( \".accord1\" ).accordion({ active: -1, autoHeight: false, header: \".opener\", collapsible: true, event: \"click\"});});<\/script>","protected":false},"excerpt":{"rendered":"","protected":false},"author":5,"featured_media":0,"parent":4905,"menu_order":0,"comment_status":"open","ping_status":"open","template":"template-portfolio-2-columns+sidenav_left.php","meta":{"footnotes":""},"class_list":["post-6191","page","type-page","status-publish","hentry"],"_links":{"self":[{"href":"https:\/\/delu-china.com\/es\/wp-json\/wp\/v2\/pages\/6191","targetHints":{"allow":["GET"]}}],"collection":[{"href":"https:\/\/delu-china.com\/es\/wp-json\/wp\/v2\/pages"}],"about":[{"href":"https:\/\/delu-china.com\/es\/wp-json\/wp\/v2\/types\/page"}],"author":[{"embeddable":true,"href":"https:\/\/delu-china.com\/es\/wp-json\/wp\/v2\/users\/5"}],"replies":[{"embeddable":true,"href":"https:\/\/delu-china.com\/es\/wp-json\/wp\/v2\/comments?post=6191"}],"version-history":[{"count":19,"href":"https:\/\/delu-china.com\/es\/wp-json\/wp\/v2\/pages\/6191\/revisions"}],"predecessor-version":[{"id":8645,"href":"https:\/\/delu-china.com\/es\/wp-json\/wp\/v2\/pages\/6191\/revisions\/8645"}],"up":[{"embeddable":true,"href":"https:\/\/delu-china.com\/es\/wp-json\/wp\/v2\/pages\/4905"}],"wp:attachment":[{"href":"https:\/\/delu-china.com\/es\/wp-json\/wp\/v2\/media?parent=6191"}],"curies":[{"name":"wp","href":"https:\/\/api.w.org\/{rel}","templated":true}]}}