{"id":5770,"date":"2012-07-04T07:56:52","date_gmt":"2012-07-04T07:56:52","guid":{"rendered":"http:\/\/www.delu-china.com\/en\/?page_id=5770"},"modified":"2015-08-26T23:31:32","modified_gmt":"2015-08-26T23:31:32","slug":"cintas-de-tela-y-lazos","status":"publish","type":"page","link":"https:\/\/delu-china.com\/es\/cintas-de-tela-y-lazos\/","title":{"rendered":"Cintas de tela y lazos"},"content":{"rendered":"<ul class=\"accordion accord1\"><li><a href=\"#\" class=\"opener\"><strong>Cintas y lazos <\/strong><\/a><div class=\"slide-holder\"><div class=\"slide\"><p>En esta p\u00e1gina encontrar\u00e1 una selecci\u00f3n de cintas de tela. Todos los art\u00edculos mostrados en esta p\u00e1gina pueden cambiar hasta sus necesidades espec\u00edficas. Impresi\u00f3n y tama\u00f1os se pueden personalizar f\u00e1cilmente. Para m\u00e1s informaci\u00f3n p\u00f3ngase en contacto con nosotros, estaremos encantados de ayudarle con nuestro servicio profesional.<\/p>\n<\/div><\/div><\/li><\/ul><script type='text\/javascript'>jQuery(document).ready(function() {jQuery( \".accord1\" ).accordion({ active: -1, autoHeight: false, header: \".opener\", collapsible: true, event: \"click\"});});<\/script>","protected":false},"excerpt":{"rendered":"","protected":false},"author":5,"featured_media":0,"parent":0,"menu_order":0,"comment_status":"open","ping_status":"open","template":"template-portfolio-2-columns+sidenav_left.php","meta":{"footnotes":""},"class_list":["post-5770","page","type-page","status-publish","hentry"],"_links":{"self":[{"href":"https:\/\/delu-china.com\/es\/wp-json\/wp\/v2\/pages\/5770","targetHints":{"allow":["GET"]}}],"collection":[{"href":"https:\/\/delu-china.com\/es\/wp-json\/wp\/v2\/pages"}],"about":[{"href":"https:\/\/delu-china.com\/es\/wp-json\/wp\/v2\/types\/page"}],"author":[{"embeddable":true,"href":"https:\/\/delu-china.com\/es\/wp-json\/wp\/v2\/users\/5"}],"replies":[{"embeddable":true,"href":"https:\/\/delu-china.com\/es\/wp-json\/wp\/v2\/comments?post=5770"}],"version-history":[{"count":14,"href":"https:\/\/delu-china.com\/es\/wp-json\/wp\/v2\/pages\/5770\/revisions"}],"predecessor-version":[{"id":8635,"href":"https:\/\/delu-china.com\/es\/wp-json\/wp\/v2\/pages\/5770\/revisions\/8635"}],"wp:attachment":[{"href":"https:\/\/delu-china.com\/es\/wp-json\/wp\/v2\/media?parent=5770"}],"curies":[{"name":"wp","href":"https:\/\/api.w.org\/{rel}","templated":true}]}}