{"id":5722,"date":"2012-07-04T04:55:21","date_gmt":"2012-07-04T04:55:21","guid":{"rendered":"http:\/\/www.delu-china.com\/en\/?page_id=5722"},"modified":"2015-08-03T15:49:30","modified_gmt":"2015-08-03T15:49:30","slug":"bolsas-de-no-tejidos","status":"publish","type":"page","link":"https:\/\/delu-china.com\/es\/galeria-de-productos\/bolsas-de-tela\/bolsas-de-no-tejidos\/","title":{"rendered":"Bolsas de no tejidos"},"content":{"rendered":"<ul class=\"accordion accord1\"><li><a href=\"#\" class=\"opener\"><strong>Personalizar bolsas de no tejido<\/strong><\/a><div class=\"slide-holder\"><div class=\"slide\"><p>En esta p\u00e1gina encontrar\u00e1 una selecci\u00f3n de nuestras mejores bolsas de no tejidos. Todos los art\u00edculos mostrados en esta p\u00e1gina pueden cambiar hasta sus necesidades espec\u00edficas. Impresi\u00f3n y tama\u00f1os colores se pueden personalizar f\u00e1cilmente. Para m\u00e1s informaci\u00f3n p\u00f3ngase en <strong><a title=\"Contacto DELU Ltd.\" href=\"https:\/\/delu-china.com\/es\/contacto\/\">contacto<\/a><\/strong> con nosotros, estaremos encantados de ayudarle con nuestro servicio profesional.<\/p>\n<\/div><\/div><\/li><\/ul><script type='text\/javascript'>jQuery(document).ready(function() {jQuery( \".accord1\" ).accordion({ active: -1, autoHeight: false, header: \".opener\", collapsible: true, event: \"click\"});});<\/script>","protected":false},"excerpt":{"rendered":"","protected":false},"author":5,"featured_media":0,"parent":5644,"menu_order":0,"comment_status":"open","ping_status":"open","template":"template-portfolio-2-columns+sidenav_left.php","meta":{"footnotes":""},"class_list":["post-5722","page","type-page","status-publish","hentry"],"_links":{"self":[{"href":"https:\/\/delu-china.com\/es\/wp-json\/wp\/v2\/pages\/5722","targetHints":{"allow":["GET"]}}],"collection":[{"href":"https:\/\/delu-china.com\/es\/wp-json\/wp\/v2\/pages"}],"about":[{"href":"https:\/\/delu-china.com\/es\/wp-json\/wp\/v2\/types\/page"}],"author":[{"embeddable":true,"href":"https:\/\/delu-china.com\/es\/wp-json\/wp\/v2\/users\/5"}],"replies":[{"embeddable":true,"href":"https:\/\/delu-china.com\/es\/wp-json\/wp\/v2\/comments?post=5722"}],"version-history":[{"count":12,"href":"https:\/\/delu-china.com\/es\/wp-json\/wp\/v2\/pages\/5722\/revisions"}],"predecessor-version":[{"id":8632,"href":"https:\/\/delu-china.com\/es\/wp-json\/wp\/v2\/pages\/5722\/revisions\/8632"}],"up":[{"embeddable":true,"href":"https:\/\/delu-china.com\/es\/wp-json\/wp\/v2\/pages\/5644"}],"wp:attachment":[{"href":"https:\/\/delu-china.com\/es\/wp-json\/wp\/v2\/media?parent=5722"}],"curies":[{"name":"wp","href":"https:\/\/api.w.org\/{rel}","templated":true}]}}