{"id":5644,"date":"2012-07-02T10:49:20","date_gmt":"2012-07-02T10:49:20","guid":{"rendered":"http:\/\/www.delu-china.com\/?page_id=5644"},"modified":"2015-08-04T01:33:59","modified_gmt":"2015-08-04T01:33:59","slug":"bolsas-de-tela","status":"publish","type":"page","link":"https:\/\/delu-china.com\/es\/galeria-de-productos\/bolsas-de-tela\/","title":{"rendered":"Bolsas de tela"},"content":{"rendered":"<ul class=\"accordion accord1\"><li><a href=\"#\" class=\"opener\"><strong>Bolsas de tela m\u00e1s finas<\/strong><\/a><div class=\"slide-holder\"><div class=\"slide\"><p>Por favor haga su selecci\u00f3n con el debajo de categor\u00edas principales para obtener m\u00e1s informaci\u00f3n sobre nuestros productos. En caso de alguna duda p\u00f3ngase en contacto con nosotros a trav\u00e9s de nuestro <strong><a title=\"Contacto DELU Ltd.\" href=\"https:\/\/delu-china.com\/es\/contacto\/\">formulario de contacto<\/a><\/strong>, estaremos encantados de ayudarle con nuestro servicio profesional.<\/p>\n<\/div><\/div><\/li><\/ul><script type='text\/javascript'>jQuery(document).ready(function() {jQuery( \".accord1\" ).accordion({ active: -1, autoHeight: false, header: \".opener\", collapsible: true, event: \"click\"});});<\/script>","protected":false},"excerpt":{"rendered":"","protected":false},"author":5,"featured_media":0,"parent":4905,"menu_order":0,"comment_status":"open","ping_status":"open","template":"template-portfolio-2-columns+sidenav_left.php","meta":{"footnotes":""},"class_list":["post-5644","page","type-page","status-publish","hentry"],"_links":{"self":[{"href":"https:\/\/delu-china.com\/es\/wp-json\/wp\/v2\/pages\/5644","targetHints":{"allow":["GET"]}}],"collection":[{"href":"https:\/\/delu-china.com\/es\/wp-json\/wp\/v2\/pages"}],"about":[{"href":"https:\/\/delu-china.com\/es\/wp-json\/wp\/v2\/types\/page"}],"author":[{"embeddable":true,"href":"https:\/\/delu-china.com\/es\/wp-json\/wp\/v2\/users\/5"}],"replies":[{"embeddable":true,"href":"https:\/\/delu-china.com\/es\/wp-json\/wp\/v2\/comments?post=5644"}],"version-history":[{"count":26,"href":"https:\/\/delu-china.com\/es\/wp-json\/wp\/v2\/pages\/5644\/revisions"}],"predecessor-version":[{"id":5707,"href":"https:\/\/delu-china.com\/es\/wp-json\/wp\/v2\/pages\/5644\/revisions\/5707"}],"up":[{"embeddable":true,"href":"https:\/\/delu-china.com\/es\/wp-json\/wp\/v2\/pages\/4905"}],"wp:attachment":[{"href":"https:\/\/delu-china.com\/es\/wp-json\/wp\/v2\/media?parent=5644"}],"curies":[{"name":"wp","href":"https:\/\/api.w.org\/{rel}","templated":true}]}}