{"id":5185,"date":"2012-04-12T06:26:02","date_gmt":"2012-04-12T06:26:02","guid":{"rendered":"http:\/\/www.delu-china.com\/?page_id=5185"},"modified":"2015-10-11T19:26:31","modified_gmt":"2015-10-11T19:26:31","slug":"acerca-de-nosotros","status":"publish","type":"page","link":"https:\/\/delu-china.com\/es\/acerca-de-nosotros\/","title":{"rendered":"Acerca de nosotros"},"content":{"rendered":"<div class=\"callout-wrap\"><span>Nuestra empresa--La clave de su \u00e9xito en China <\/span><\/div><!-- end callout-wrap --><br class=\"clear\" \/>\n<h5>Delu Ltd. fue fundada en el a\u00f1o 2003 por una gesti\u00f3n de alem\u00e1n, que ten\u00eda ya 20 a\u00f1os de experiencia en la fabricaci\u00f3n de envases, adornos y art\u00edculos de presentaci\u00f3n en Alemania. Las empresas de la sede est\u00e1 situada en el coraz\u00f3n de Shenzhen \/ hub en China de la exportaci\u00f3n de la provincia de Guangdong, que es la potencia real y la alta tecnolog\u00eda. Nosotros entendemos como socio de consultor\u00eda y producci\u00f3n de envases, art\u00edculos de regalo, art\u00edculos de decoraci\u00f3n, as\u00ed como productos de papeler\u00eda.<\/h5>\n<h5><a href=\"https:\/\/delu-china.com\/wp-content\/uploads\/3d_key-150x.png\"><img decoding=\"async\" class=\"alignright\" src=\"https:\/\/delu-china.com\/wp-content\/uploads\/3d_key-150x.png\" alt=\"DELU Ltd. Key for packaging made in China\" \/><\/a>Asistiendo a empresas en su mayor\u00eda de Am\u00e9rica del Norte y Europa en China nos placer\u00edamos tambi\u00e9n la bienvenida a usted como uno de nuestros clientes. Con muchos a\u00f1os de experiencia en el mercado chino nos proporcionan un m\u00e1ximo de seguridad para todos sus negocios y actividades de compras. Adicionalmente ofrecemos a que nuestros clientes apoyan en idioma alem\u00e1n, ingl\u00e9s y chino fluido y profesional.<\/h5>\n","protected":false},"excerpt":{"rendered":"","protected":false},"author":5,"featured_media":0,"parent":0,"menu_order":0,"comment_status":"open","ping_status":"open","template":"","meta":{"footnotes":""},"class_list":["post-5185","page","type-page","status-publish","hentry"],"_links":{"self":[{"href":"https:\/\/delu-china.com\/es\/wp-json\/wp\/v2\/pages\/5185","targetHints":{"allow":["GET"]}}],"collection":[{"href":"https:\/\/delu-china.com\/es\/wp-json\/wp\/v2\/pages"}],"about":[{"href":"https:\/\/delu-china.com\/es\/wp-json\/wp\/v2\/types\/page"}],"author":[{"embeddable":true,"href":"https:\/\/delu-china.com\/es\/wp-json\/wp\/v2\/users\/5"}],"replies":[{"embeddable":true,"href":"https:\/\/delu-china.com\/es\/wp-json\/wp\/v2\/comments?post=5185"}],"version-history":[{"count":9,"href":"https:\/\/delu-china.com\/es\/wp-json\/wp\/v2\/pages\/5185\/revisions"}],"predecessor-version":[{"id":6882,"href":"https:\/\/delu-china.com\/es\/wp-json\/wp\/v2\/pages\/5185\/revisions\/6882"}],"wp:attachment":[{"href":"https:\/\/delu-china.com\/es\/wp-json\/wp\/v2\/media?parent=5185"}],"curies":[{"name":"wp","href":"https:\/\/api.w.org\/{rel}","templated":true}]}}