{"id":4758,"date":"2011-08-29T16:43:17","date_gmt":"2011-08-29T08:43:17","guid":{"rendered":"http:\/\/denzeldesigns.org\/?page_id=4699"},"modified":"2016-12-05T13:15:28","modified_gmt":"2016-12-05T13:15:28","slug":"home","status":"publish","type":"page","link":"https:\/\/delu-china.com\/es\/","title":{"rendered":"Inicio"},"content":{"rendered":"<div class=\"callout-wrap\"><span>Nuestra cartera de productos<\/span><\/div><!-- end callout-wrap --><br class=\"clear\" \/>\n<div class=\"one_fourth\"><div class=\"modern_img_frame modern_four_col_large\"><div class=\"modern_preload_four_col_large\"><div class=\"attachment-fadeIn\"><img src='' alt='Papeler\u00eda Premium' \/><\/div><\/div><\/div><!-- end img_frame --><br \/>\n<h4>\n<p><a style=\"text-decoration: none;color: black\" title=\"Papeler\u00eda Premium\" href=\"https:\/\/delu-china.com\/es\/galeria-de-productos\/productos-de-papeleria-de-primera\/\">Papeler\u00eda Premium<\/a><\/h4>\n<\/div><div class=\"one_fourth\"><div class=\"modern_img_frame modern_four_col_large\"><div class=\"modern_preload_four_col_large\"><div class=\"attachment-fadeIn\"><a href=\"https:\/\/delu-china.com\/es\/galeria-de-productos\/empaquetado-de-reloj\/\" target=\"\"><img src='https:\/\/delu-china.com\/es\/wp-content\/themes\/Karma_2_7_1\/truethemes_framework\/extended\/timthumb\/timthumb.php?src=https:\/\/delu-china.com\/es\/files\/2012\/12\/empaquetado_de_reloj.jpg&amp;h=111&amp;w=190' alt='Empaquetado de reloj' \/><\/a><\/div><\/div><\/div><!-- end img_frame --><br \/>\n<h4>\n<p><a style=\"text-decoration: none;color: black\" title=\"Empaquetado de reloj\" href=\"https:\/\/delu-china.com\/es\/galeria-de-productos\/empaquetado-de-reloj\/\">Empaquetado de reloj<\/a><\/h4>\n<\/div><div class=\"one_fourth\"><div class=\"modern_img_frame modern_four_col_large\"><div class=\"modern_preload_four_col_large\"><div class=\"attachment-fadeIn\"><a href=\"https:\/\/delu-china.com\/es\/galeria-de-productos\/cajas-de-regalo\/\" target=\"\"><img src='https:\/\/delu-china.com\/es\/wp-content\/themes\/Karma_2_7_1\/truethemes_framework\/extended\/timthumb\/timthumb.php?src=https:\/\/delu-china.com\/es\/files\/2012\/12\/cajas_de_regalo.jpg&amp;h=111&amp;w=190' alt='Cajas de regalo' \/><\/a><\/div><\/div><\/div><!-- end img_frame --><br \/>\n<h4>\n<p><a style=\"text-decoration: none;color: black\" title=\"Cajas de regalo\" href=\"https:\/\/delu-china.com\/es\/galeria-de-productos\/cajas-de-regalo\/\">Cajas de regalo<\/a><\/h4>\n<\/div><div class=\"one_fourth_last\"><div class=\"modern_img_frame modern_four_col_large\"><div class=\"modern_preload_four_col_large\"><div class=\"attachment-fadeIn\"><a href=\"https:\/\/delu-china.com\/es\/galeria-de-productos\/bolsas-de-papel\/\" target=\"\"><img src='https:\/\/delu-china.com\/es\/wp-content\/themes\/Karma_2_7_1\/truethemes_framework\/extended\/timthumb\/timthumb.php?src=https:\/\/delu-china.com\/es\/files\/2012\/12\/bolsas_de_papel.jpg&amp;h=111&amp;w=190' alt='Bolsas de papel' \/><\/a><\/div><\/div><\/div><!-- end img_frame --><br \/>\n<h4>\n<p><a style=\"text-decoration: none;color: black\" title=\"Bolsas de papel\" href=\"https:\/\/delu-china.com\/es\/galeria-de-productos\/bolsas-de-papel\/\">Bolsas de papel<\/a><\/h4>\n<\/div><br class=\"clear\" \/><div class=\"one_fourth\"><div class=\"modern_img_frame modern_four_col_large\"><div class=\"modern_preload_four_col_large\"><div class=\"attachment-fadeIn\"><a href=\"https:\/\/delu-china.com\/es\/galeria-de-productos\/bolsas-de-tela\/\" target=\"\"><img src='https:\/\/delu-china.com\/es\/wp-content\/themes\/Karma_2_7_1\/truethemes_framework\/extended\/timthumb\/timthumb.php?src=https:\/\/delu-china.com\/es\/files\/2012\/12\/bolsas_de_tela.jpg&amp;h=111&amp;w=190' alt='Bolsas de tela' \/><\/a><\/div><\/div><\/div><!-- end img_frame --><br \/>\n<h4>\n<p><a style=\"text-decoration: none;color: black\" title=\"Bolsas de tela\" href=\"https:\/\/delu-china.com\/es\/galeria-de-productos\/bolsas-de-tela\/\">Bolsas de tela<\/a><\/h4>\n<\/div><div class=\"one_half\"><ul class=\"accordion accord1\"><li><a href=\"#\" class=\"opener\"><strong>Importancia de los envases bien dise\u00f1ado<\/strong><\/a><div class=\"slide-holder\"><div class=\"slide\"><p>Puede crear los productos m\u00e1s preciados en el mercado, pero si su presentaci\u00f3n ser\u00e1 simplemente un-invitaci\u00f3n, usted podr\u00eda estar perdiendo un mont\u00f3n de ventas! La creaci\u00f3n de &#8220;Eye Candy&#8221; para sus productos, sin duda, va a tirar los consumidores su camino. Las empresas de todo el mundo tienden a ser destinados a necesitar tener embalaje \u00fanico y bien dise\u00f1ado producto. Esto incluye todo tipo de envases de bolsas de sat\u00e9n trav\u00e9s de bolsas de terciopelo a las cajas de regalo de papel, pero lo que usted est\u00e1 buscando, usted quiere lo mejor surtido, junto con la mejor calidad y los dise\u00f1os realizables. Es por eso que usted debe darse cuenta precisamente lo que tenemos que presentar s\u00f3lo DELU. En DELU, usted podr\u00eda esperar visualizaci\u00f3n, adem\u00e1s de productos de presentaci\u00f3n de la mejor calidad disponible en el mercado. Estamos preparados para hacer casi todo lo que pueda necesitar, tales como envases de papel, el mejor de papeler\u00eda, bolsas de tela + cintas y as\u00ed lo que cada vez las necesidades que pueda tener, vamos a tener la capacidad para apoyarlo. <\/p>\n<\/div><\/div><\/li><li><a href=\"#\" class=\"opener\"><strong>\u00bfC\u00f3mo podemos ayudar a su negocio<\/strong><\/a><div class=\"slide-holder\"><div class=\"slide\"><p>Tenemos un conocimiento serio de los detalles finos que significa que usted estar\u00e1 satisfecho con los resultados finales de nuestros productos de embalaje. Podemos producir envases para sus necesidades espec\u00edficas mediante el uso de nuestras amplias redes en Asia y especialmente China. Todos sabemos lo importante que es tener s\u00f3lo el embalaje adecuado la presentaci\u00f3n de sus productos durante las ventas. Desde el sector de tiendas al por menor, las ventas asociadas a pr\u00e1cticamente cualquier elemento depender\u00e1n principalmente de la forma de mostrar el producto. Absolutamente ning\u00fan consumidor podr\u00eda comprar un producto o servicio horrible introducido que no apela a su atenci\u00f3n sobre todo si se trata de un producto de calidad media a un precio alto.<\/p>\n<\/div><\/div><\/li><li><a href=\"#\" class=\"opener\"><strong>Su \u00e9xito es nuestro \u00e9xito<\/strong><\/a><div class=\"slide-holder\"><div class=\"slide\"><p>La consistencia es la clave del \u00e9xito y de DELU saber esto para bien. Excelente servicio a clientes es la experiencia de todos nuestros clientes al trabajar con nosotros. Sabemos exactamente lo que necesita el mercado, as\u00ed como lo que es posible y alcanzable. Nos impulsa una gesti\u00f3n europea que sabe exactamente hasta el punto de que tipo de soporte y servicio que se necesita para mantener el \u00e9xito en el mercado con productos de embalaje producidos bien dise\u00f1ados y profesionales \u00fanicos. Sabemos que se trata de nuestros clientes que est\u00e1n impulsando nuestro negocio y su \u00e9xito sin ning\u00fan \u00e9xito para nosotros. Nosotros desde DELU tanto, siempre estamos trabajando muy cerca con nuestros clientes para ofrecer los mejores productos de embalaje posibles.<\/p>\n<\/div><\/div><\/li><\/ul><script type='text\/javascript'>jQuery(document).ready(function() {jQuery( \".accord1\" ).accordion({ active: 9, autoHeight: false, header: \".opener\", collapsible: true, event: \"click\"});});<\/script><\/div><div class=\"one_fourth_last\"><div class=\"modern_img_frame modern_four_col_large\"><div class=\"modern_preload_four_col_large\"><div class=\"attachment-fadeIn\"><a href=\"https:\/\/delu-china.com\/es\/cintas-de-tela-y-lazos\/\" target=\"\"><img src='https:\/\/delu-china.com\/es\/wp-content\/themes\/Karma_2_7_1\/truethemes_framework\/extended\/timthumb\/timthumb.php?src=https:\/\/delu-china.com\/es\/files\/2012\/12\/cinta_de_tela_y_lazos.jpg&amp;h=111&amp;w=190' alt='Cinta de tela y lazos' \/><\/a><\/div><\/div><\/div><!-- end img_frame --><br \/>\n<h4>\n<p><a style=\"text-decoration: none;color: black\" title=\"Cinta de tela y lazos\" href=\"https:\/\/delu-china.com\/es\/cintas-de-tela-y-lazos\/\">Cinta de tela y lazos<\/a><\/h4>\n<\/div><br class=\"clear\" \/><div class=\"testimonials\"> <blockquote><p><span><span style=\"font-size: medium\">Mejores envases de productos y soluciones para la industria de la papeler\u00eda, la joyer\u00eda y el reloj es lo que garuantee y pie para.<\/span><\/span><cite>&ndash;Delu Ltd.<\/cite><\/p><\/blockquote> <blockquote><p><span style=\"font-size: medium\">Servicio profesional y productos de alta calidad es nuestra filosof\u00eda de las empresas. Nuestro desempe\u00f1o se demuestra a trav\u00e9s de relaciones de largo plazo con marcas internacionales famosas.<\/span><cite>&ndash;Delu Ltd.<\/cite><\/p><\/blockquote> <blockquote><p><span style=\"font-size: medium\">Constantemente mejoras de nuestros productos e ideas para nuevos dise\u00f1os en un mercado siempre desafiante existente es la fortaleza de nuestra clientes.<\/span><cite>&ndash;Delu Ltd.<\/cite><\/p><\/blockquote> <blockquote><p><span style=\"font-size: medium\">A lo largo de los \u00faltimos a\u00f1os en China, hemos producido y apoyado proyectos especialmente pero no limitados en el empaquetado y la industria del regalo para clientes de todo el mundo.<\/span><cite>&ndash;Delu Ltd.<\/cite><\/p><\/blockquote> <blockquote><p><span style=\"font-size: medium\">Al trabajar con nosotros, no s\u00f3lo se benefician de nuestro vasto conocimiento en el mercado chino de la compra, sino tambi\u00e9n de nuestra experiencia profesional en la fabricaci\u00f3n.<\/span><cite>&ndash;Delu Ltd.<\/cite><\/p><\/blockquote> <\/div><!-- END testimonials -->","protected":false},"excerpt":{"rendered":"","protected":false},"author":5,"featured_media":0,"parent":0,"menu_order":0,"comment_status":"open","ping_status":"open","template":"template-homepage-parallax.php","meta":{"footnotes":""},"class_list":["post-4758","page","type-page","status-publish","hentry"],"_links":{"self":[{"href":"https:\/\/delu-china.com\/es\/wp-json\/wp\/v2\/pages\/4758","targetHints":{"allow":["GET"]}}],"collection":[{"href":"https:\/\/delu-china.com\/es\/wp-json\/wp\/v2\/pages"}],"about":[{"href":"https:\/\/delu-china.com\/es\/wp-json\/wp\/v2\/types\/page"}],"author":[{"embeddable":true,"href":"https:\/\/delu-china.com\/es\/wp-json\/wp\/v2\/users\/5"}],"replies":[{"embeddable":true,"href":"https:\/\/delu-china.com\/es\/wp-json\/wp\/v2\/comments?post=4758"}],"version-history":[{"count":190,"href":"https:\/\/delu-china.com\/es\/wp-json\/wp\/v2\/pages\/4758\/revisions"}],"predecessor-version":[{"id":8639,"href":"https:\/\/delu-china.com\/es\/wp-json\/wp\/v2\/pages\/4758\/revisions\/8639"}],"wp:attachment":[{"href":"https:\/\/delu-china.com\/es\/wp-json\/wp\/v2\/media?parent=4758"}],"curies":[{"name":"wp","href":"https:\/\/api.w.org\/{rel}","templated":true}]}}