{"id":2571,"date":"2012-03-21T06:28:15","date_gmt":"2012-03-21T06:28:15","guid":{"rendered":"http:\/\/www.delu-china.com\/?page_id=2571"},"modified":"2016-02-26T23:01:03","modified_gmt":"2016-02-26T23:01:03","slug":"servicio-de-rendimiento","status":"publish","type":"page","link":"https:\/\/delu-china.com\/es\/servicio-de-rendimiento\/","title":{"rendered":"Servicio"},"content":{"rendered":"<div class=\"callout-wrap\"><span>Nuestro servicio \u2014 Garant\u00eda para su \u00e9xito en China!<\/span><\/div><!-- end callout-wrap --><br class=\"clear\" \/>\n<p><span style=\"font-size: medium\"> A trav\u00e9s de nuestros productos de servicio archivado, garantizamos un m\u00e1ximo beneficio para nuestros clientes. De esta manera ayudamos a mantenerse competitivas en su negocio para las pr\u00f3ximas d\u00e9cadas. P\u00f3ngase en contacto con nosotros para ofrecerle una soluci\u00f3n de servicio individual. Respaldados por la experiencia de largo tiempo en los chinos compra mercado de papel base e impresi\u00f3n de productos en relaci\u00f3n con conocidas marcas internacionales, podemos utilizar nuestra amplia cartera para apoyarle.<\/span><\/p>\n<p>&nbsp;<\/p>\n<table style=\"width: 700px;height: 127px\" border=\"0\" cellspacing=\"0\" cellpadding=\"5\" align=\"left\">\n<tbody>\n<tr>\n<td style=\"width: 35px\" align=\"center\" valign=\"top\"><\/td>\n<td style=\"text-align: left\" align=\"left\" valign=\"top\">\n<ul class=\"list-3\">\n<li><span style=\"font-size: medium\"><span style=\"font-size: medium\"><a title=\"Consulting\" href=\"https:\/\/delu-china.com\/es\/servicio-de-rendimiento\/consultoria\/\"><strong>Consulting<\/strong><\/a>\u00a0&#8212;\u00a0Con el fin de elegir la estrategia adecuada.<\/span><\/span>\n<ul class=\"list-7\">\n<li><span style=\"font-size: medium\">\u00bfQu\u00e9 tipo de materiales \u00bfc\u00f3mo encajan a su producto?<\/span><\/li>\n<li><span style=\"font-size: medium\">\u00bfDeben considerarse que procesos y t\u00e9cnicas?<\/span><\/li>\n<li><span style=\"font-size: medium\">\u00bfD\u00f3nde est\u00e1n los escollos de esperarse?<\/span><\/li>\n<li><span style=\"font-size: medium\">\u00bfQu\u00e9 soluciones son buenas en China?<\/span><\/li>\n<\/ul>\n<\/li>\n<\/ul>\n<\/td>\n<\/tr>\n<\/tbody>\n<\/table>\n<table border=\"0\">\n<tbody>\n<tr>\n<td><em><a href=\"https:\/\/delu-china.com\/es\/servicio-de-rendimiento\/consultoria\/\"><img loading=\"lazy\" decoding=\"async\" src=\"https:\/\/delu-china.com\/en\/files\/2012\/03\/3d_consulting-150x1.png\" alt=\"Consulting\" width=\"150\" height=\"140\" \/><\/a><\/em><\/td>\n<\/tr>\n<\/tbody>\n<\/table>\n<p>&nbsp;<\/p>\n<table style=\"width: 700px;height: 127px\" border=\"0\" cellspacing=\"0\" cellpadding=\"5\" align=\"left\">\n<tbody>\n<tr>\n<td style=\"width: 35px\" align=\"center\" valign=\"top\"><\/td>\n<td style=\"text-align: left\" align=\"left\" valign=\"top\">\n<ul class=\"list-3\">\n<li><span style=\"font-size: medium\"><span style=\"font-size: medium\"><em><a title=\"Producci\u00f3n\" href=\"https:\/\/delu-china.com\/es\/servicio-de-rendimiento\/produccion\/\"><strong>Producci\u00f3n<\/strong><\/a>\u00a0&#8212; Somos el socio adecuado para usted!<\/em><\/span><\/span>\n<ul class=\"list-7\">\n<li><span style=\"font-size: medium\">Somos su socio de producci\u00f3n confiable!<\/span><\/li>\n<li><span style=\"font-size: medium\">Muchos clientes internacionales conf\u00edan en nuestros servicios!<\/span><\/li>\n<li><span style=\"font-size: medium\">Productos a base de muchos a\u00f1os de experiencia en la producci\u00f3n de papel!<\/span><\/li>\n<li><span style=\"font-size: medium\">Organizaci\u00f3n estricta de todos los procesos de producci\u00f3n!<\/span><\/li>\n<li><span style=\"font-size: medium\">Varias t\u00e9cnicas especiales disponibles!<\/span><\/li>\n<\/ul>\n<\/li>\n<\/ul>\n<\/td>\n<\/tr>\n<\/tbody>\n<\/table>\n<table border=\"0\">\n<tbody>\n<tr>\n<td><em><a href=\"https:\/\/delu-china.com\/es\/servicio-de-rendimiento\/produccion\/\"><img loading=\"lazy\" decoding=\"async\" src=\"https:\/\/delu-china.com\/wp-content\/uploads\/3d_search-150x.png\" alt=\"Producci\u00f3n\" width=\"150\" height=\"140\" \/><\/a><\/em><\/td>\n<\/tr>\n<\/tbody>\n<\/table>\n<p>&nbsp;<\/p>\n<table style=\"width: 700px;height: 127px\" border=\"0\" cellspacing=\"0\" cellpadding=\"5\" align=\"left\">\n<tbody>\n<tr>\n<td style=\"width: 35px\" align=\"center\" valign=\"top\"><\/td>\n<td style=\"text-align: left\" align=\"left\" valign=\"top\">\n<ul class=\"list-3\">\n<li><span style=\"font-size: medium\"><span style=\"font-size: medium\"><em><em><em><strong><a title=\"Calidad\" href=\"https:\/\/delu-china.com\/es\/servicio-de-rendimiento\/aseguramiento-de-la-calidad\/\">Calidad<\/a><\/strong>\u00a0<\/em><\/em><em><em><em>&#8212; <em>Tiempo de entrega y calidad de producto garantizada!<\/em><\/em><\/em><\/em><\/em><\/span><\/span>\n<ul class=\"list-7\">\n<li><span style=\"font-size: medium\">Ayudar con preguntas.<\/span><\/li>\n<li><span style=\"font-size: medium\">Comprobaci\u00f3n de muestras en sitio.<\/span><\/li>\n<li><span style=\"font-size: medium\">Comunicaci\u00f3n constante en el idioma adecuado con los contactos adecuados.<\/span><\/li>\n<li><span style=\"font-size: medium\">Persistentes controles de calidad durante la fabricaci\u00f3n.<\/span><\/li>\n<li><span style=\"font-size: medium\">Constantes controles de calidad seg\u00fan normas internacionales ISO y AQL.<\/span><\/li>\n<\/ul>\n<\/li>\n<\/ul>\n<\/td>\n<\/tr>\n<\/tbody>\n<\/table>\n<table border=\"0\">\n<tbody>\n<tr>\n<td><em><a href=\"https:\/\/delu-china.com\/es\/servicio-de-rendimiento\/aseguramiento-de-la-calidad\/\"><img loading=\"lazy\" decoding=\"async\" src=\"https:\/\/delu-china.com\/wp-content\/uploads\/3d_follow_up-150x.png\" alt=\"Calidad\" width=\"150\" height=\"140\" \/><\/a><\/em><\/td>\n<\/tr>\n<\/tbody>\n<\/table>\n<p>&nbsp;<\/p>\n<table style=\"width: 700px;height: 127px\" border=\"0\" cellspacing=\"0\" cellpadding=\"5\" align=\"left\">\n<tbody>\n<tr>\n<td style=\"width: 35px\" align=\"center\" valign=\"top\"><\/td>\n<td style=\"text-align: left\" align=\"left\" valign=\"top\">\n<ul class=\"list-3\">\n<li><span style=\"font-size: medium\"><span style=\"font-size: medium\"><em><em><em><a title=\"Mejora\" href=\"https:\/\/delu-china.com\/es\/servicio-de-rendimiento\/mejora\/\"><strong>Mejora de la<\/strong><\/a>\u00a0&#8212; <em>Para permanecer competitivo de largo plazo!<\/em><\/em><\/em><\/em><\/span><\/span>\n<ul class=\"list-7\">\n<li><span style=\"font-size: medium\">Identificar potenciales mejoras antes, durante y despu\u00e9s de la producci\u00f3n.<\/span><\/li>\n<li><span style=\"font-size: medium\">Comunicaci\u00f3n r\u00e1pida y profesional de mejoras.<\/span><\/li>\n<li><span style=\"font-size: medium\">Soporte t\u00e9cnico con mejoras.<\/span><\/li>\n<li><span style=\"font-size: medium\">Teniendo en cuenta el retorno de las inversiones!<\/span><\/li>\n<li><span style=\"font-size: medium\">Posibilidades t\u00e9cnicas dadas en China.<\/span><\/li>\n<\/ul>\n<\/li>\n<\/ul>\n<\/td>\n<\/tr>\n<\/tbody>\n<\/table>\n<table border=\"0\">\n<tbody>\n<tr>\n<td><em><a href=\"https:\/\/delu-china.com\/es\/servicio-de-rendimiento\/mejora\/\"><img loading=\"lazy\" decoding=\"async\" src=\"https:\/\/delu-china.com\/wp-content\/uploads\/3d_optimization-150x.png\" alt=\"Mejora\" width=\"150\" height=\"140\" \/><\/a><\/em><\/td>\n<\/tr>\n<\/tbody>\n<\/table>\n<p>&nbsp;<\/p>\n","protected":false},"excerpt":{"rendered":"<p> A trav\u00e9s de nuestros productos de servicio archivado, garantizamos un m\u00e1ximo beneficio para nuestros clientes. De esta manera ayudamos a mantenerse competitivas en su negocio para las pr\u00f3ximas d\u00e9cadas. P\u00f3ngase en contacto con nosotros para ofrecerle una soluci\u00f3n de servicio individual. Respaldados por la experiencia de largo tiempo en los chinos compra mercado de papel base e impresi\u00f3n de productos en relaci\u00f3n con conocidas marcas internacionales, podemos utilizar nuestra amplia cartera para apoyarle.<br \/>\n&nbsp;<\/p>\n<p>\n<br ...\n<\/p>\n","protected":false},"author":5,"featured_media":0,"parent":0,"menu_order":2,"comment_status":"open","ping_status":"open","template":"","meta":{"footnotes":""},"class_list":["post-2571","page","type-page","status-publish","hentry"],"_links":{"self":[{"href":"https:\/\/delu-china.com\/es\/wp-json\/wp\/v2\/pages\/2571","targetHints":{"allow":["GET"]}}],"collection":[{"href":"https:\/\/delu-china.com\/es\/wp-json\/wp\/v2\/pages"}],"about":[{"href":"https:\/\/delu-china.com\/es\/wp-json\/wp\/v2\/types\/page"}],"author":[{"embeddable":true,"href":"https:\/\/delu-china.com\/es\/wp-json\/wp\/v2\/users\/5"}],"replies":[{"embeddable":true,"href":"https:\/\/delu-china.com\/es\/wp-json\/wp\/v2\/comments?post=2571"}],"version-history":[{"count":9,"href":"https:\/\/delu-china.com\/es\/wp-json\/wp\/v2\/pages\/2571\/revisions"}],"predecessor-version":[{"id":8644,"href":"https:\/\/delu-china.com\/es\/wp-json\/wp\/v2\/pages\/2571\/revisions\/8644"}],"wp:attachment":[{"href":"https:\/\/delu-china.com\/es\/wp-json\/wp\/v2\/media?parent=2571"}],"curies":[{"name":"wp","href":"https:\/\/api.w.org\/{rel}","templated":true}]}}