{"id":210,"date":"2012-06-26T05:49:19","date_gmt":"2012-06-26T05:49:19","guid":{"rendered":"http:\/\/delu3\/wordpress\/?page_id=210"},"modified":"2012-10-25T20:22:04","modified_gmt":"2012-10-25T20:22:04","slug":"experiencia","status":"publish","type":"page","link":"https:\/\/delu-china.com\/es\/experiencia\/","title":{"rendered":"Experiencia"},"content":{"rendered":"<p><strong>Nuestra experiencia &#8211; su ventaja!<\/strong><\/p>\n<p lang=\"en\"><span style=\"font-size: medium;\">A lo largo de los \u00faltimos a\u00f1os en China, hemos sido capaces de producir y apoyar proyectos especialmente pero no limitado en la industria del packaging para clientes de todo el mundo.<\/span><\/p>\n<p lang=\"en\"><span style=\"font-size: medium;\">Al trabajar con nosotros, usted no s\u00f3lo se benefician de nuestro vasto conocimiento en el mercado chino de compra con todos su problemas, <\/span><img decoding=\"async\" class=\"alignright\" src=\"https:\/\/delu-china.com\/wp-content\/uploads\/3d_experience-x150.png\" alt=\"Nuestra experiencia - su ventaja!\" \/><span style=\"font-size: medium;\"> but also from our professional expertise in<\/span> <span style=\"font-size: medium;\">fabricaci\u00f3n de papel relacionado con grupos de productos.<\/span><\/p>\n<p lang=\"en\"><span style=\"font-size: medium;\">Nuestro equipo est\u00e1 siempre informado sobre t\u00e9cnicas y posibilidades de producci\u00f3n y es por lo tanto, en la mejor posici\u00f3n para ofrecer soluciones basadas en su demanda espec\u00edfica.<\/span><\/p>\n<p lang=\"en\"><span style=\"font-size: medium;\">Especialmente nuestro largo tiempo la comunicaci\u00f3n y cooperaci\u00f3n con clientes conocidos trav\u00e9s del mundo y la experiencia resultante con diferentes mercados y necesidades,\u00a0<\/span><span style=\"font-size: medium;\">significa una garant\u00eda para su \u00e9xito.<\/span><\/p>\n<p><span style=\"font-size: medium;\"><strong><br \/>\n<\/strong><\/span><\/p>\n","protected":false},"excerpt":{"rendered":"<p>Nuestra experiencia &#8211; su ventaja!<br \/>\nA lo largo de los \u00faltimos a\u00f1os en China, hemos sido capaces de producir y apoyar proyectos especialmente pero no limitado en la industria del packaging para clientes de todo el mundo.<br \/>\nAl trabajar con nosotros, usted no s\u00f3lo se benefician de nuestro vasto conocimiento en el mercado chino de compra con todos su problemas,  but also from our professional expertise in fabricaci\u00f3n de papel relacionado con grupos de productos.<br \/>\nNuestro equipo est\u00e1 siempre &#8230;<\/p>\n","protected":false},"author":5,"featured_media":0,"parent":0,"menu_order":5,"comment_status":"closed","ping_status":"closed","template":"","meta":{"footnotes":""},"class_list":["post-210","page","type-page","status-publish","hentry"],"_links":{"self":[{"href":"https:\/\/delu-china.com\/es\/wp-json\/wp\/v2\/pages\/210","targetHints":{"allow":["GET"]}}],"collection":[{"href":"https:\/\/delu-china.com\/es\/wp-json\/wp\/v2\/pages"}],"about":[{"href":"https:\/\/delu-china.com\/es\/wp-json\/wp\/v2\/types\/page"}],"author":[{"embeddable":true,"href":"https:\/\/delu-china.com\/es\/wp-json\/wp\/v2\/users\/5"}],"replies":[{"embeddable":true,"href":"https:\/\/delu-china.com\/es\/wp-json\/wp\/v2\/comments?post=210"}],"version-history":[{"count":3,"href":"https:\/\/delu-china.com\/es\/wp-json\/wp\/v2\/pages\/210\/revisions"}],"predecessor-version":[{"id":8095,"href":"https:\/\/delu-china.com\/es\/wp-json\/wp\/v2\/pages\/210\/revisions\/8095"}],"wp:attachment":[{"href":"https:\/\/delu-china.com\/es\/wp-json\/wp\/v2\/media?parent=210"}],"curies":[{"name":"wp","href":"https:\/\/api.w.org\/{rel}","templated":true}]}}