{"id":153,"date":"2012-06-25T08:18:38","date_gmt":"2012-06-25T08:18:38","guid":{"rendered":"http:\/\/delu3\/wordpress\/?page_id=153"},"modified":"2025-10-05T14:34:46","modified_gmt":"2025-10-05T14:34:46","slug":"mejora","status":"publish","type":"page","link":"https:\/\/delu-china.com\/es\/servicio-de-rendimiento\/mejora\/","title":{"rendered":"Mejora"},"content":{"rendered":"<div class=\"callout-wrap\"><span>Competitiva mediante la mejora continua <\/span><\/div><!-- end callout-wrap --><br class=\"clear\" \/>\n<h5>Causada por el aumento constante de mano de obra y los costos de materia prima, proveedor chino son cada vez m\u00e1s confrontated con un notable incremento de la presi\u00f3n de costos. Es por lo tanto en producciones chinas un enorme potencial para optimizaciones. Desde automatizaci\u00f3n y procesos bien organizadas dentro de muchas empresas chinas han sido en el pasado no est\u00e1 bien dirigido, DELU Ltd. tambi\u00e9n estamos ofreciendo apoyo y asesoramiento para el cliente as\u00ed como el extremo de proveedor. Con nuestros sistemas de auditor\u00eda bien documentado y probado, encontramos las mejores soluciones con un m\u00ednimo de gastos por lograr un m\u00e1ximo de retorno.<\/h5>\n<h5>Comenzando con una auditor\u00eda inicial recopilamos todos los datos de los diferente procesos de producci\u00f3n y organizaci\u00f3n interna mediante la evaluaci\u00f3n de las mejoras mejores junto con todas las partes involucradas. Delu Ltd. es rating mejoras basadas en su viabilidad, amortizaci\u00f3n y rentabilidad.<\/h5>\n<p><img decoding=\"async\" class=\"alignright\" src=\"https:\/\/delu-china.com\/wp-content\/uploads\/3d_optimization-150x.png\" alt=\"Mejora\" \/><\/p>\n<h5>Lo que distingushes nos de otros es que no s\u00f3lo vemos nuestra responsabilidad en la detecci\u00f3n y evaluaci\u00f3n de posibles mejoras, pero tambi\u00e9n dando apoyo con implementaciones factibles.Apoyar no s\u00f3lo la compra de las inversiones, pero permanecen activos hasta que demostr\u00f3 su val\u00eda en las operaciones del negocio.<\/h5>\n<p>&nbsp;<\/p>\n","protected":false},"excerpt":{"rendered":"<p>\n&nbsp;<\/p>\n","protected":false},"author":5,"featured_media":0,"parent":2571,"menu_order":9,"comment_status":"open","ping_status":"open","template":"","meta":{"footnotes":""},"class_list":["post-153","page","type-page","status-publish","hentry"],"_links":{"self":[{"href":"https:\/\/delu-china.com\/es\/wp-json\/wp\/v2\/pages\/153","targetHints":{"allow":["GET"]}}],"collection":[{"href":"https:\/\/delu-china.com\/es\/wp-json\/wp\/v2\/pages"}],"about":[{"href":"https:\/\/delu-china.com\/es\/wp-json\/wp\/v2\/types\/page"}],"author":[{"embeddable":true,"href":"https:\/\/delu-china.com\/es\/wp-json\/wp\/v2\/users\/5"}],"replies":[{"embeddable":true,"href":"https:\/\/delu-china.com\/es\/wp-json\/wp\/v2\/comments?post=153"}],"version-history":[{"count":7,"href":"https:\/\/delu-china.com\/es\/wp-json\/wp\/v2\/pages\/153\/revisions"}],"predecessor-version":[{"id":8094,"href":"https:\/\/delu-china.com\/es\/wp-json\/wp\/v2\/pages\/153\/revisions\/8094"}],"up":[{"embeddable":true,"href":"https:\/\/delu-china.com\/es\/wp-json\/wp\/v2\/pages\/2571"}],"wp:attachment":[{"href":"https:\/\/delu-china.com\/es\/wp-json\/wp\/v2\/media?parent=153"}],"curies":[{"name":"wp","href":"https:\/\/api.w.org\/{rel}","templated":true}]}}