{"id":147,"date":"2012-06-25T07:56:04","date_gmt":"2012-06-25T07:56:04","guid":{"rendered":"http:\/\/delu3\/wordpress\/?page_id=147"},"modified":"2012-10-25T20:16:52","modified_gmt":"2012-10-25T20:16:52","slug":"aseguramiento-de-la-calidad","status":"publish","type":"page","link":"https:\/\/delu-china.com\/es\/servicio-de-rendimiento\/aseguramiento-de-la-calidad\/","title":{"rendered":"Aseguramiento de la calidad"},"content":{"rendered":"<div class=\"callout-wrap\"><span>Siempre al d\u00eda - No malas sorpresas<\/span><\/div><!-- end callout-wrap --><br class=\"clear\" \/>\n<h5>Delu Ltd. estamos apoyando le mediante la supervisi\u00f3n de sus actividades de compra en China. Hacemos continuamente comprobando sus \u00f3rdenes. Nos visite y observe las producciones, con el fin de poder pasar informaci\u00f3n confiable a usted. As\u00ed siempre est\u00e1s al d\u00eda con la informaci\u00f3n de una fuente confiable de todos los procedimientos actuales. Especialmente de SMC se enfrenta a menudo con retrasos en la entrega de sus proveedores chinos. Esto es causado principalmente por prefiriendo las \u00f3rdenes grandes sobre los peque\u00f1os por las producciones chinas aunque eso significa que habr\u00e1 demoras. A trav\u00e9s de la colocaci\u00f3n continua de pedidos a proveedores seleccionados estamos en la posici\u00f3n para mantener las entregas mucho m\u00e1s confiables. Esto tambi\u00e9n es asegurar que tener un socio fuerte en su lado con un poder de negociaci\u00f3n.<\/h5>\n<h5>Con el fin de asegurar la calidad de la producci\u00f3n de DELU Ltd. estamos siempre actuando en l\u00ednea de control de calidad durante el proceso actual en el sitio.<img decoding=\"async\" class=\"alignright\" src=\"https:\/\/delu-china.com\/wp-content\/uploads\/3d_follow_up-150x.png\" alt=\"Aseguramiento de la calidad\" \/>Muchos de nuestros clientes est\u00e1n definiendo antes de puntos de verificaci\u00f3n adicional para que nosotros tambi\u00e9n estamos habilitados para reaccionar en tiempo y en el sitio en nombre de ustedes. Por lo tanto, es posible en urgencias a resolver y prevenir derecho de deficiencias en el tiempo. A trav\u00e9s de la observaci\u00f3n continua aseguramos para minimizar los retrasos en la entrega y costos adicionales. Adem\u00e1s de nuestra observaci\u00f3n continua realizamos controles de calidad finales de productos terminados. Sus \u00f3rdenes pueden por lo tanto s\u00f3lo env\u00edan despu\u00e9s de tengan todos los puntos de control de calidad pasado.<\/h5>\n<p>&nbsp;<\/p>\n<p><!--:--><\/p>\n","protected":false},"excerpt":{"rendered":"<p>&nbsp;<\/p>\n","protected":false},"author":5,"featured_media":0,"parent":2571,"menu_order":4,"comment_status":"closed","ping_status":"closed","template":"","meta":{"footnotes":""},"class_list":["post-147","page","type-page","status-publish","hentry"],"_links":{"self":[{"href":"https:\/\/delu-china.com\/es\/wp-json\/wp\/v2\/pages\/147","targetHints":{"allow":["GET"]}}],"collection":[{"href":"https:\/\/delu-china.com\/es\/wp-json\/wp\/v2\/pages"}],"about":[{"href":"https:\/\/delu-china.com\/es\/wp-json\/wp\/v2\/types\/page"}],"author":[{"embeddable":true,"href":"https:\/\/delu-china.com\/es\/wp-json\/wp\/v2\/users\/5"}],"replies":[{"embeddable":true,"href":"https:\/\/delu-china.com\/es\/wp-json\/wp\/v2\/comments?post=147"}],"version-history":[{"count":6,"href":"https:\/\/delu-china.com\/es\/wp-json\/wp\/v2\/pages\/147\/revisions"}],"predecessor-version":[{"id":8091,"href":"https:\/\/delu-china.com\/es\/wp-json\/wp\/v2\/pages\/147\/revisions\/8091"}],"up":[{"embeddable":true,"href":"https:\/\/delu-china.com\/es\/wp-json\/wp\/v2\/pages\/2571"}],"wp:attachment":[{"href":"https:\/\/delu-china.com\/es\/wp-json\/wp\/v2\/media?parent=147"}],"curies":[{"name":"wp","href":"https:\/\/api.w.org\/{rel}","templated":true}]}}