{"id":143,"date":"2012-06-26T07:10:50","date_gmt":"2012-06-26T07:10:50","guid":{"rendered":"http:\/\/delu3\/wordpress\/?page_id=143"},"modified":"2012-10-25T20:09:22","modified_gmt":"2012-10-25T20:09:22","slug":"produccion","status":"publish","type":"page","link":"https:\/\/delu-china.com\/es\/servicio-de-rendimiento\/produccion\/","title":{"rendered":"Producci\u00f3n"},"content":{"rendered":"<div class=\"callout-wrap\"><span>Compra de componentes a trav\u00e9s de internet (Alibaba &amp; Co.)<\/span><\/div><!-- end callout-wrap --><br class=\"clear\" \/>\n<h5>Demostr\u00f3 que compras en China pueden tener consecuencias devastadoras sobre por ejemplo la plataforma de Internet &#8220;Alibaba punto com&#8221; sin una auditor\u00eda siguiente.<img decoding=\"async\" class=\"alignright\" src=\"https:\/\/delu-china.com\/wp-content\/uploads\/3d_search-150x.png\" alt=\"Abastecimiento proveedor\" \/> Debido a la comparaci\u00f3n de precios, que es el centro de estos portales, la calidad de la mercanc\u00eda y modales de los proveedores de comercio justo es de acuerdo a nuestra forma de experiencia en el fondo.Es muy com\u00fan que las empresas en estos portales ofreciendo competencia precios menos favorables pero dejando a los clientes con condiciones de riesgos. Si se trata de problemas de calidad despu\u00e9s de la entrega, muy a menudo resulta muy dif\u00edcil manejar este tipo de situaciones. Como DELU Ltd. es administrado por las normas europeas y \u00e9tica empresarial que puede esperar del servicio que se utiliza Vol<\/h5>\n<p>&nbsp;<\/p>\n<div class=\"callout-wrap\"><span>Su ventaja por trabajar con nosotros<\/span><\/div><!-- end callout-wrap --><br class=\"clear\" \/>\n<ul>\n<h5>\n<li>Las necesidades profesionales de consultor\u00eda en su producto espec\u00edfico.<\/li>\n<li>Asistencia durante el proceso de muestreo, esto asegurar\u00e1 que sus expectativas se cumplan antes de enviar las muestras.<\/li>\n<li>Estrictos controles de calidad en casa con el fin de alcanzar un est\u00e1ndar de calidad internacional.<\/li>\n<li>Servicio profesional en ingl\u00e9s, chino y alem\u00e1n.<\/li>\n<\/h5>\n<\/ul>\n","protected":false},"excerpt":{"rendered":"<p>&nbsp;<\/p>\n","protected":false},"author":5,"featured_media":0,"parent":2571,"menu_order":3,"comment_status":"closed","ping_status":"closed","template":"","meta":{"footnotes":""},"class_list":["post-143","page","type-page","status-publish","hentry"],"_links":{"self":[{"href":"https:\/\/delu-china.com\/es\/wp-json\/wp\/v2\/pages\/143","targetHints":{"allow":["GET"]}}],"collection":[{"href":"https:\/\/delu-china.com\/es\/wp-json\/wp\/v2\/pages"}],"about":[{"href":"https:\/\/delu-china.com\/es\/wp-json\/wp\/v2\/types\/page"}],"author":[{"embeddable":true,"href":"https:\/\/delu-china.com\/es\/wp-json\/wp\/v2\/users\/5"}],"replies":[{"embeddable":true,"href":"https:\/\/delu-china.com\/es\/wp-json\/wp\/v2\/comments?post=143"}],"version-history":[{"count":8,"href":"https:\/\/delu-china.com\/es\/wp-json\/wp\/v2\/pages\/143\/revisions"}],"predecessor-version":[{"id":8090,"href":"https:\/\/delu-china.com\/es\/wp-json\/wp\/v2\/pages\/143\/revisions\/8090"}],"up":[{"embeddable":true,"href":"https:\/\/delu-china.com\/es\/wp-json\/wp\/v2\/pages\/2571"}],"wp:attachment":[{"href":"https:\/\/delu-china.com\/es\/wp-json\/wp\/v2\/media?parent=143"}],"curies":[{"name":"wp","href":"https:\/\/api.w.org\/{rel}","templated":true}]}}