{"id":137,"date":"2012-06-26T06:30:50","date_gmt":"2012-06-26T06:30:50","guid":{"rendered":"http:\/\/delu3\/wordpress\/?page_id=137"},"modified":"2012-10-25T20:05:49","modified_gmt":"2012-10-25T20:05:49","slug":"consultoria","status":"publish","type":"page","link":"https:\/\/delu-china.com\/es\/servicio-de-rendimiento\/consultoria\/","title":{"rendered":"Consultor\u00eda"},"content":{"rendered":"<div class=\"callout-wrap\"><span>De compras en China - junto con nosotros no hay aventuras!<\/span><\/div><!-- end callout-wrap --><br class=\"clear\" \/>\n<h5>Delu Ltd. consulta desde una etapa temprana, si compras en el mercado chino encajar\u00eda para sus requisitos especiales. Especialmente para las peque\u00f1as y medianas empresas est\u00e1n subestimando las trampas en el chino compra mercado que muy a menudo resulta en costos adicionales inesperados. <img loading=\"lazy\" decoding=\"async\" class=\"alignright\" src=\"https:\/\/delu-china.com\/wp-content\/uploads\/3d_consulting-150x.png\" alt=\"Consultor\u00eda\" width=\"150\" height=\"140\" \/>Para estar mejor preparados para futuras compras en China le apoyamos con nuestra experiencia de mucho tiempo en Im &#8211; y exportaci\u00f3n y de China.We identificar para usted las mejores posibilidades, as\u00ed como los riesgos al comprar productos de lejano Oriente y ayudarle con la consideraci\u00f3n de los pro y los contras. Tambi\u00e9n tomamos en cuenta para identificar las diferencias de provincia a provincia en China, que muy a menudo es subestimada por los forasteros.<\/h5>\n<h5>En este modo podr\u00e1s conocer de primera mano lo que influye a considerarse con el fin de tomar la decisi\u00f3n correcta para sus actividades de compras. As\u00ed como el principio de Pareto, es decir, se habilitar\u00e1 para evitar un alto costo posterior de peque\u00f1os gastos.<\/h5>\n<p>&nbsp;<\/p>\n","protected":false},"excerpt":{"rendered":"<p>&nbsp;<\/p>\n","protected":false},"author":5,"featured_media":0,"parent":2571,"menu_order":2,"comment_status":"closed","ping_status":"closed","template":"","meta":{"footnotes":""},"class_list":["post-137","page","type-page","status-publish","hentry"],"_links":{"self":[{"href":"https:\/\/delu-china.com\/es\/wp-json\/wp\/v2\/pages\/137","targetHints":{"allow":["GET"]}}],"collection":[{"href":"https:\/\/delu-china.com\/es\/wp-json\/wp\/v2\/pages"}],"about":[{"href":"https:\/\/delu-china.com\/es\/wp-json\/wp\/v2\/types\/page"}],"author":[{"embeddable":true,"href":"https:\/\/delu-china.com\/es\/wp-json\/wp\/v2\/users\/5"}],"replies":[{"embeddable":true,"href":"https:\/\/delu-china.com\/es\/wp-json\/wp\/v2\/comments?post=137"}],"version-history":[{"count":25,"href":"https:\/\/delu-china.com\/es\/wp-json\/wp\/v2\/pages\/137\/revisions"}],"predecessor-version":[{"id":6850,"href":"https:\/\/delu-china.com\/es\/wp-json\/wp\/v2\/pages\/137\/revisions\/6850"}],"up":[{"embeddable":true,"href":"https:\/\/delu-china.com\/es\/wp-json\/wp\/v2\/pages\/2571"}],"wp:attachment":[{"href":"https:\/\/delu-china.com\/es\/wp-json\/wp\/v2\/media?parent=137"}],"curies":[{"name":"wp","href":"https:\/\/api.w.org\/{rel}","templated":true}]}}