{"id":7650,"date":"2012-10-09T20:38:50","date_gmt":"2012-10-09T20:38:50","guid":{"rendered":"http:\/\/www.delu-china.com\/de\/?page_id=7650"},"modified":"2013-05-24T09:45:56","modified_gmt":"2013-05-24T09:45:56","slug":"geschenkschachteln-herzform","status":"publish","type":"page","link":"https:\/\/delu-china.com\/de\/portfolio-gallerie\/geschenk-schachteln\/geschenkschachteln-herzform\/","title":{"rendered":"Geschenkschachteln Herzform"},"content":{"rendered":"<div class=\"tabs-area\"><ul class=\"tabset\"><li><a href=\"#tab-\" class=\"tab\"><span>Unsere Herzboxen<\/span><\/a><\/li><li><a href=\"#tab-1\" class=\"tab\"><span>Kundenspezifische Herzboxen<\/span><\/a><\/li><\/ul><div id=\"tab-\" class=\"tab-box\"><p>Unsere Herzboxen werden in aufwendiger Handarbeit und ausschliesslich mit hochwertigen Materialien gefertigt. Unsere Qualit\u00e4t ist nicht zuletzt daher weitestgehend einzigartig auf dem Markt. Diese\u00a0<span style=\"text-decoration: underline\"><strong>Geschenkschachteln in Herzform<\/strong><\/span> sind ideal als Geschenk zum Valentinstag oder zur Hochzeit.\u00a0Um weitere Informationen zu erhalten, kontaktieren Sie uns bitte einfach per eMail und\/oder direkt \u00fcber unser <strong><a title=\"https:\/\/delu-china.com\/de\/kontakt\/\" href=\"https:\/\/delu-china.com\/de\/kontakt\/\">Kontaktformular<\/a><\/strong>.<\/p>\n<\/div><div id=\"tab-1\" class=\"tab-box\"><p>Alle hier gezeigten <span style=\"text-decoration: underline\"><strong>Herzboxen<\/strong><\/span>\u00a0k\u00f6nnen jederzeit ganz individuell an Ihre Bed\u00fcrfnisse angepasst werden. Abmessungen, Farben verwendetes Bezugsmaterial und Logodruck sind problemlos anpassbar. F\u00fcr weitere Informationen bez\u00fcglich individueller Anpassungen, stehen wir Ihnen gerne jederzeit zur pers\u00f6nlichen Verf\u00fcgung. Bitte setzen Sie sich entweder \u00fcber unser <strong><a title=\"https:\/\/delu-china.com\/de\/kontakt\/\" href=\"https:\/\/delu-china.com\/de\/kontakt\/\">Kontaktformular<\/a><\/strong> oder direkt per eMail mit uns in Kontakt.<\/p>\n<\/div><\/div><table style=\"height: 40px\" border=\"0\">\n<tbody>\n<tr>\n<td><\/td>\n<\/tr>\n<\/tbody>\n<\/table>\n","protected":false},"excerpt":{"rendered":"<p><\/p>\n","protected":false},"author":5,"featured_media":0,"parent":5872,"menu_order":0,"comment_status":"open","ping_status":"open","template":"template-portfolio-2-columns+sidenav_left.php","meta":{"jetpack_post_was_ever_published":false,"footnotes":""},"class_list":["post-7650","page","type-page","status-publish","hentry"],"jetpack_shortlink":"https:\/\/wp.me\/P3bAVB-1Zo","jetpack_sharing_enabled":true,"_links":{"self":[{"href":"https:\/\/delu-china.com\/de\/wp-json\/wp\/v2\/pages\/7650","targetHints":{"allow":["GET"]}}],"collection":[{"href":"https:\/\/delu-china.com\/de\/wp-json\/wp\/v2\/pages"}],"about":[{"href":"https:\/\/delu-china.com\/de\/wp-json\/wp\/v2\/types\/page"}],"author":[{"embeddable":true,"href":"https:\/\/delu-china.com\/de\/wp-json\/wp\/v2\/users\/5"}],"replies":[{"embeddable":true,"href":"https:\/\/delu-china.com\/de\/wp-json\/wp\/v2\/comments?post=7650"}],"version-history":[{"count":7,"href":"https:\/\/delu-china.com\/de\/wp-json\/wp\/v2\/pages\/7650\/revisions"}],"predecessor-version":[{"id":8178,"href":"https:\/\/delu-china.com\/de\/wp-json\/wp\/v2\/pages\/7650\/revisions\/8178"}],"up":[{"embeddable":true,"href":"https:\/\/delu-china.com\/de\/wp-json\/wp\/v2\/pages\/5872"}],"wp:attachment":[{"href":"https:\/\/delu-china.com\/de\/wp-json\/wp\/v2\/media?parent=7650"}],"curies":[{"name":"wp","href":"https:\/\/api.w.org\/{rel}","templated":true}]}}