{"id":7585,"date":"2012-10-01T18:58:25","date_gmt":"2012-10-01T18:58:25","guid":{"rendered":"http:\/\/www.delu-china.com\/de\/?page_id=7585"},"modified":"2013-05-25T05:24:39","modified_gmt":"2013-05-25T05:24:39","slug":"samtbeutel-pompadour","status":"publish","type":"page","link":"https:\/\/delu-china.com\/de\/portfolio-gallerie\/feinste-stoffbeutel\/samtbeutel-pompadour\/","title":{"rendered":"Samtbeutel Pompadour"},"content":{"rendered":"<div class=\"tabs-area\"><ul class=\"tabset\"><li><a href=\"#tab-\" class=\"tab\"><span>Standard Samtbeutel Pompadour<\/span><\/a><\/li><li><a href=\"#tab-1\" class=\"tab\"><span>Kundenspezifische Samtbeutel Pompadour<\/span><\/a><\/li><li><a href=\"#tab-2\" class=\"tab\"><span>Versand<\/span><\/a><\/li><\/ul><div id=\"tab-\" class=\"tab-box\"><p>Unsere Samtbeutel Pompadour\u00a0werden ausschlie\u00dflich aus erlesenen Materialen und in Handarbeit gefertigt. Die Beutel eignen sich unter anderem hervorragend, um darin Schmuck- und\/oder Kosmetik unter zu bringen. Um weitere Informationen zu erhalten kontaktieren Sie und bitte einfach per eMail und\/oder direkt \u00fcber unser <a href=\"https:\/\/delu-china.com\/de\/kontakt\/\">Kontaktformular<\/a>.<\/p>\n<\/div><div id=\"tab-1\" class=\"tab-box\"><p>Alle im folgenden gezeigten Schmuck-Samtbeutel k\u00f6nnen jederzeit gerne und ganz individuell an Ihre Vorstellungen angepasst werden. Abmessungen und Farben sind problemlos anpassbar. F\u00fcr weitere Informationen bez\u00fcglich individueller Anpassungen, stehen wir Ihnen gerne jederzeit zur pers\u00f6nlichen Verf\u00fcgung. Bitte setzen Sie sich entweder \u00fcber unser <a href=\"https:\/\/delu-china.com\/de\/kontakt\/\">Formular<\/a> oder direkt per eMail mit uns in Kontakt.<\/p>\n<\/div><div id=\"tab-2\" class=\"tab-box\"><p>Kleinere Mengen k\u00f6nnen auch gerne per Express Service direkt aus China versendet werden. Hierbei k\u00f6nnen erfahrungsgem\u00e4\u00df Zeit und Frachtkosten im Vergleich zu Containerverschiffungen eingespart werden. Um aktuelle Preise f\u00fcr den Versand der von Ihnen angedachten Mengen zu erfahren, stehen wir Ihnen gerne jederzeit zur pers\u00f6nlichen Verf\u00fcgung.<\/p>\n<\/div><\/div><table style=\"height: 40px\" border=\"0\">\n<tbody>\n<tr>\n<td><\/td>\n<\/tr>\n<\/tbody>\n<\/table>\n","protected":false},"excerpt":{"rendered":"<p><\/p>\n","protected":false},"author":5,"featured_media":0,"parent":5714,"menu_order":0,"comment_status":"open","ping_status":"open","template":"template-portfolio-2-columns+sidenav_left.php","meta":{"jetpack_post_was_ever_published":false,"footnotes":""},"class_list":["post-7585","page","type-page","status-publish","hentry"],"jetpack_shortlink":"https:\/\/wp.me\/P3bAVB-1Yl","jetpack_sharing_enabled":true,"_links":{"self":[{"href":"https:\/\/delu-china.com\/de\/wp-json\/wp\/v2\/pages\/7585","targetHints":{"allow":["GET"]}}],"collection":[{"href":"https:\/\/delu-china.com\/de\/wp-json\/wp\/v2\/pages"}],"about":[{"href":"https:\/\/delu-china.com\/de\/wp-json\/wp\/v2\/types\/page"}],"author":[{"embeddable":true,"href":"https:\/\/delu-china.com\/de\/wp-json\/wp\/v2\/users\/5"}],"replies":[{"embeddable":true,"href":"https:\/\/delu-china.com\/de\/wp-json\/wp\/v2\/comments?post=7585"}],"version-history":[{"count":6,"href":"https:\/\/delu-china.com\/de\/wp-json\/wp\/v2\/pages\/7585\/revisions"}],"predecessor-version":[{"id":8184,"href":"https:\/\/delu-china.com\/de\/wp-json\/wp\/v2\/pages\/7585\/revisions\/8184"}],"up":[{"embeddable":true,"href":"https:\/\/delu-china.com\/de\/wp-json\/wp\/v2\/pages\/5714"}],"wp:attachment":[{"href":"https:\/\/delu-china.com\/de\/wp-json\/wp\/v2\/media?parent=7585"}],"curies":[{"name":"wp","href":"https:\/\/api.w.org\/{rel}","templated":true}]}}