{"id":7530,"date":"2012-09-28T17:38:35","date_gmt":"2012-09-28T17:38:35","guid":{"rendered":"http:\/\/www.delu-china.com\/de\/?page_id=7530"},"modified":"2013-05-24T06:46:52","modified_gmt":"2013-05-24T06:46:52","slug":"seidenbaender","status":"publish","type":"page","link":"https:\/\/delu-china.com\/de\/stoffbaender-und-schleifen\/seidenbaender\/","title":{"rendered":"Seidenb\u00e4nder"},"content":{"rendered":"<div class=\"tabs-area\"><ul class=\"tabset\"><li><a href=\"#tab-\" class=\"tab\"><span>Unsere Seidenb\u00e4nder<\/span><\/a><\/li><li><a href=\"#tab-1\" class=\"tab\"><span>Kundenspezifische Seidenb\u00e4nder<\/span><\/a><\/li><li><a href=\"#tab-2\" class=\"tab\"><span>Versand<\/span><\/a><\/li><\/ul><div id=\"tab-\" class=\"tab-box\"><p>Unsere Seidenb\u00e4nder\u00a0bestehen aus hochwertigem Polyester. Die Standardbreiten der B\u00e4nder betragen 1,6 cm und 2,2 cm. Wir liefern ausschlie\u00dflich Rollenware, wobei sich jeweils 100 Yards ( ~91,5 m ) pro Rolle befinden. Wir verf\u00fcgen in China \u00fcber sehr g\u00fcnstige Einkaufskonditionen, welche wir gerne an Sie weitergeben. Um weitere Informationen zu erhalten, w\u00fcrden wir uns sehr freuen, falls Sie uns per eMail und\/oder direkt \u00fcber unser <a title=\"https:\/\/delu-china.com\/de\/kontakt\/\" href=\"https:\/\/delu-china.com\/de\/kontakt\/\">Kontaktformular<\/a>\u00a0kontaktieren w\u00fcrden.<\/p>\n<\/div><div id=\"tab-1\" class=\"tab-box\"><p>Alle hier gezeigten Seidenb\u00e4nder\u00a0k\u00f6nnen jederzeit ganz individuell an Ihre Bed\u00fcrfnisse angepasst werden. Farben, und falls erw\u00fcnscht ein Logodruck, sind problemlos anpassbar. F\u00fcr weitere Informationen bez\u00fcglich individueller Anpassungen, stehen wir Ihnen gerne jederzeit zur pers\u00f6nlichen Verf\u00fcgung. Bitte setzen Sie sich entweder \u00fcber unser <a title=\"https:\/\/delu-china.com\/de\/kontakt\/\" href=\"https:\/\/delu-china.com\/de\/kontakt\/\">Formular<\/a> oder direkt per eMail mit uns in Kontakt.<\/p>\n<\/div><div id=\"tab-2\" class=\"tab-box\"><p>Kleinere Mengen k\u00f6nnen auch gerne per Express Service direkt aus China versendet werden. Hierbei k\u00f6nnen erfahrungsgem\u00e4\u00df Zeit und Frachtkosten im Vergleich zu Containerverschiffungen eingespart werden. Um aktuelle Preise f\u00fcr den Versand der von Ihnen angedachten Mengen zu erfahren, stehen wir Ihnen gerne jederzeit zur pers\u00f6nlichen Verf\u00fcgung.<\/p>\n<\/div><\/div><table style=\"height: 40px\" border=\"0\">\n<tbody>\n<tr>\n<td><\/td>\n<\/tr>\n<\/tbody>\n<\/table>\n","protected":false},"excerpt":{"rendered":"<p><\/p>\n","protected":false},"author":5,"featured_media":0,"parent":5891,"menu_order":0,"comment_status":"open","ping_status":"open","template":"template-portfolio-3-columns+sidenav_left.php","meta":{"jetpack_post_was_ever_published":false,"footnotes":""},"class_list":["post-7530","page","type-page","status-publish","hentry"],"jetpack_shortlink":"https:\/\/wp.me\/P3bAVB-1Xs","jetpack_sharing_enabled":true,"_links":{"self":[{"href":"https:\/\/delu-china.com\/de\/wp-json\/wp\/v2\/pages\/7530","targetHints":{"allow":["GET"]}}],"collection":[{"href":"https:\/\/delu-china.com\/de\/wp-json\/wp\/v2\/pages"}],"about":[{"href":"https:\/\/delu-china.com\/de\/wp-json\/wp\/v2\/types\/page"}],"author":[{"embeddable":true,"href":"https:\/\/delu-china.com\/de\/wp-json\/wp\/v2\/users\/5"}],"replies":[{"embeddable":true,"href":"https:\/\/delu-china.com\/de\/wp-json\/wp\/v2\/comments?post=7530"}],"version-history":[{"count":3,"href":"https:\/\/delu-china.com\/de\/wp-json\/wp\/v2\/pages\/7530\/revisions"}],"predecessor-version":[{"id":8174,"href":"https:\/\/delu-china.com\/de\/wp-json\/wp\/v2\/pages\/7530\/revisions\/8174"}],"up":[{"embeddable":true,"href":"https:\/\/delu-china.com\/de\/wp-json\/wp\/v2\/pages\/5891"}],"wp:attachment":[{"href":"https:\/\/delu-china.com\/de\/wp-json\/wp\/v2\/media?parent=7530"}],"curies":[{"name":"wp","href":"https:\/\/api.w.org\/{rel}","templated":true}]}}