{"id":6833,"date":"2012-09-06T08:07:22","date_gmt":"2012-09-06T08:07:22","guid":{"rendered":"http:\/\/www.delu-china.com\/de\/?page_id=6833"},"modified":"2013-05-24T06:38:35","modified_gmt":"2013-05-24T06:38:35","slug":"photo-boxen-mit-schleife","status":"publish","type":"page","link":"https:\/\/delu-china.com\/de\/portfolio-gallerie\/geschenk-schachteln\/photo-boxen-mit-schleife\/","title":{"rendered":"Photo Boxen mit Schleife"},"content":{"rendered":"<div class=\"tabs-area\"><ul class=\"tabset\"><li><a href=\"#tab-\" class=\"tab\"><span>Unsere Photo Boxen<\/span><\/a><\/li><li><a href=\"#tab-1\" class=\"tab\"><span>Kundenspezifische Photo Boxen<\/span><\/a><\/li><\/ul><div id=\"tab-\" class=\"tab-box\"><p>Unsere Photo Boxen werden ausschlie\u00dflich aus erlesenen Materialen und in Handarbeit gefertigt. Daher ist die von uns erreichte Qualit\u00e4t weitestgehend einzigartig auf dem Markt. Um weitere Informationen zu erhalten kontaktieren Sie und bitte einfach per und\/oder direkt \u00fcber unser <a title=\"https:\/\/delu-china.com\/de\/kontakt\/\" href=\"https:\/\/delu-china.com\/de\/kontakt\/\">Kontaktformular<\/a>.<\/p>\n<\/div><div id=\"tab-1\" class=\"tab-box\"><p>Alle hier gezeigten Photo Boxen k\u00f6nnen jederzeit ganz individuell an Ihre Bed\u00fcrfnisse angepasst werden. Abmessungen, Farben und Logodruck sind problemlos anpassbar. F\u00fcr weitere Informationen bez\u00fcglich individueller Anpassungen, stehen wir Ihnen gerne jederzeit zur pers\u00f6nlichen Verf\u00fcgung. Bitte setzen Sie sich entweder \u00fcber unser <a title=\"https:\/\/delu-china.com\/de\/kontakt\/\" href=\"https:\/\/delu-china.com\/de\/kontakt\/\">Formular<\/a> oder direkt per eMail mit uns in Kontakt.<\/p>\n<\/div><\/div><table style=\"height: 40px\" border=\"0\">\n<tbody>\n<tr>\n<td><\/td>\n<\/tr>\n<\/tbody>\n<\/table>\n","protected":false},"excerpt":{"rendered":"<p><\/p>\n","protected":false},"author":5,"featured_media":0,"parent":5872,"menu_order":0,"comment_status":"open","ping_status":"open","template":"template-portfolio-2-columns+sidenav_left.php","meta":{"jetpack_post_was_ever_published":false,"footnotes":""},"class_list":["post-6833","page","type-page","status-publish","hentry"],"jetpack_shortlink":"https:\/\/wp.me\/P3bAVB-1Md","jetpack_sharing_enabled":true,"_links":{"self":[{"href":"https:\/\/delu-china.com\/de\/wp-json\/wp\/v2\/pages\/6833","targetHints":{"allow":["GET"]}}],"collection":[{"href":"https:\/\/delu-china.com\/de\/wp-json\/wp\/v2\/pages"}],"about":[{"href":"https:\/\/delu-china.com\/de\/wp-json\/wp\/v2\/types\/page"}],"author":[{"embeddable":true,"href":"https:\/\/delu-china.com\/de\/wp-json\/wp\/v2\/users\/5"}],"replies":[{"embeddable":true,"href":"https:\/\/delu-china.com\/de\/wp-json\/wp\/v2\/comments?post=6833"}],"version-history":[{"count":17,"href":"https:\/\/delu-china.com\/de\/wp-json\/wp\/v2\/pages\/6833\/revisions"}],"predecessor-version":[{"id":8173,"href":"https:\/\/delu-china.com\/de\/wp-json\/wp\/v2\/pages\/6833\/revisions\/8173"}],"up":[{"embeddable":true,"href":"https:\/\/delu-china.com\/de\/wp-json\/wp\/v2\/pages\/5872"}],"wp:attachment":[{"href":"https:\/\/delu-china.com\/de\/wp-json\/wp\/v2\/media?parent=6833"}],"curies":[{"name":"wp","href":"https:\/\/api.w.org\/{rel}","templated":true}]}}