{"id":6792,"date":"2012-09-01T15:34:26","date_gmt":"2012-09-01T15:34:26","guid":{"rendered":"http:\/\/www.delu-china.com\/de\/?page_id=6792"},"modified":"2013-05-24T03:39:50","modified_gmt":"2013-05-24T03:39:50","slug":"samt-beutel","status":"publish","type":"page","link":"https:\/\/delu-china.com\/de\/portfolio-gallerie\/feinste-stoffbeutel\/samt-beutel\/","title":{"rendered":"Samt Beutel"},"content":{"rendered":"<div class=\"tabs-area\"><ul class=\"tabset\"><li><a href=\"#tab-\" class=\"tab\"><span>Unsere Samtbeutel<\/span><\/a><\/li><li><a href=\"#tab-1\" class=\"tab\"><span>Kundenspezifische Samtbeutel<\/span><\/a><\/li><\/ul><div id=\"tab-\" class=\"tab-box\"><p>Unsere Samtbeutel werden ausschlie\u00dflich aus erlesenen Materialen und in Handarbeit gefertigt. Daher ist die von uns erreichte Qualit\u00e4t weitestgehend einzigartig auf dem Markt. Um weitere Informationen zu erhalten kontaktieren Sie und bitte einfach per eMailund\/oder \u00fcber unser <a href=\"https:\/\/delu-china.com\/de\/kontakt\/\">Kontaktformular<\/a>.<\/p>\n<\/div><div id=\"tab-1\" class=\"tab-box\"><p>Alle hier gezeigten Samtbeutel k\u00f6nnen jederzeit ganz individuell an Ihre Bed\u00fcrfnisse angepasst werden. Abmessungen, Farben und Logodruck sind problemlos anpassbar. F\u00fcr weitere Informationen bez\u00fcglich individueller Anpassungen, stehen wir Ihnen gerne jederzeit zur pers\u00f6nlichen Verf\u00fcgung.Bitte setzen Sie sich entweder \u00fcber unser <a href=\"https:\/\/delu-china.com\/de\/kontakt\/\">Formular<\/a> oder direkt per eMail mit uns in kontakt.<\/p>\n<\/div><\/div><table style=\"height: 40px\" border=\"0\">\n<tbody>\n<tr>\n<td><\/td>\n<\/tr>\n<\/tbody>\n<\/table>\n","protected":false},"excerpt":{"rendered":"<p><\/p>\n","protected":false},"author":5,"featured_media":0,"parent":5714,"menu_order":0,"comment_status":"open","ping_status":"open","template":"template-portfolio-2-columns+sidenav_left.php","meta":{"jetpack_post_was_ever_published":false,"footnotes":""},"class_list":["post-6792","page","type-page","status-publish","hentry"],"jetpack_shortlink":"https:\/\/wp.me\/P3bAVB-1Ly","jetpack_sharing_enabled":true,"_links":{"self":[{"href":"https:\/\/delu-china.com\/de\/wp-json\/wp\/v2\/pages\/6792","targetHints":{"allow":["GET"]}}],"collection":[{"href":"https:\/\/delu-china.com\/de\/wp-json\/wp\/v2\/pages"}],"about":[{"href":"https:\/\/delu-china.com\/de\/wp-json\/wp\/v2\/types\/page"}],"author":[{"embeddable":true,"href":"https:\/\/delu-china.com\/de\/wp-json\/wp\/v2\/users\/5"}],"replies":[{"embeddable":true,"href":"https:\/\/delu-china.com\/de\/wp-json\/wp\/v2\/comments?post=6792"}],"version-history":[{"count":5,"href":"https:\/\/delu-china.com\/de\/wp-json\/wp\/v2\/pages\/6792\/revisions"}],"predecessor-version":[{"id":8169,"href":"https:\/\/delu-china.com\/de\/wp-json\/wp\/v2\/pages\/6792\/revisions\/8169"}],"up":[{"embeddable":true,"href":"https:\/\/delu-china.com\/de\/wp-json\/wp\/v2\/pages\/5714"}],"wp:attachment":[{"href":"https:\/\/delu-china.com\/de\/wp-json\/wp\/v2\/media?parent=6792"}],"curies":[{"name":"wp","href":"https:\/\/api.w.org\/{rel}","templated":true}]}}