{"id":6000,"date":"2012-07-23T03:50:07","date_gmt":"2012-07-23T03:50:07","guid":{"rendered":"http:\/\/www.delu-china.com\/de\/?page_id=6000"},"modified":"2013-05-26T00:10:21","modified_gmt":"2013-05-26T00:10:21","slug":"papiertragetaschen","status":"publish","type":"page","link":"https:\/\/delu-china.com\/de\/portfolio-gallerie\/papiertragetaschen\/","title":{"rendered":"Papiertragetaschen"},"content":{"rendered":"<ul class=\"accordion accord1\"><li><a href=\"#\" class=\"opener\"><strong>Unsere Papiertragetaschen........<\/strong><\/a><div class=\"slide-holder\"><div class=\"slide\"><p>Unsere Tragetaschen werden ausschlie\u00dflich aus hochwertigen Materialien hergestellt. Die gefertigte Qualit\u00e4t ist auch deshalb einzigartig auf dem Markt. Um weitere Informationen zu erhalten, w\u00fcrden wir uns sehr freuen, falls \u00a0Sie uns \u00fcber unser <a href=\"https:\/\/delu-china.com\/de\/kontakt\/\">Kontaktformular<\/a> oder direkt per eMail kontaktieren.<\/p>\n<\/div><\/div><\/li><\/ul><script type='text\/javascript'>jQuery(document).ready(function() {jQuery( \".accord1\" ).accordion({ active: false, autoHeight: false, header: \".opener\", collapsible: true, event: \"click\"});});<\/script>","protected":false},"excerpt":{"rendered":"","protected":false},"author":5,"featured_media":0,"parent":4905,"menu_order":0,"comment_status":"open","ping_status":"open","template":"template-portfolio-2-columns+sidenav_left.php","meta":{"jetpack_post_was_ever_published":false,"footnotes":""},"class_list":["post-6000","page","type-page","status-publish","hentry"],"jetpack_shortlink":"https:\/\/wp.me\/P3bAVB-1yM","jetpack_sharing_enabled":true,"_links":{"self":[{"href":"https:\/\/delu-china.com\/de\/wp-json\/wp\/v2\/pages\/6000","targetHints":{"allow":["GET"]}}],"collection":[{"href":"https:\/\/delu-china.com\/de\/wp-json\/wp\/v2\/pages"}],"about":[{"href":"https:\/\/delu-china.com\/de\/wp-json\/wp\/v2\/types\/page"}],"author":[{"embeddable":true,"href":"https:\/\/delu-china.com\/de\/wp-json\/wp\/v2\/users\/5"}],"replies":[{"embeddable":true,"href":"https:\/\/delu-china.com\/de\/wp-json\/wp\/v2\/comments?post=6000"}],"version-history":[{"count":11,"href":"https:\/\/delu-china.com\/de\/wp-json\/wp\/v2\/pages\/6000\/revisions"}],"predecessor-version":[{"id":8190,"href":"https:\/\/delu-china.com\/de\/wp-json\/wp\/v2\/pages\/6000\/revisions\/8190"}],"up":[{"embeddable":true,"href":"https:\/\/delu-china.com\/de\/wp-json\/wp\/v2\/pages\/4905"}],"wp:attachment":[{"href":"https:\/\/delu-china.com\/de\/wp-json\/wp\/v2\/media?parent=6000"}],"curies":[{"name":"wp","href":"https:\/\/api.w.org\/{rel}","templated":true}]}}