{"id":5965,"date":"2012-07-16T06:49:04","date_gmt":"2012-07-16T06:49:04","guid":{"rendered":"http:\/\/www.delu-china.com\/de\/?page_id=5965"},"modified":"2013-05-25T23:33:05","modified_gmt":"2013-05-25T23:33:05","slug":"impressum","status":"publish","type":"page","link":"https:\/\/delu-china.com\/de\/impressum\/","title":{"rendered":"Impressum"},"content":{"rendered":"<div class=\"callout-wrap\"><span>Disclaimer \u2013 Rechtliche Hinweise<\/span><\/div><!-- end callout-wrap --><br class=\"clear\" \/>\n<p><strong>DELU Ltd<\/strong><\/p>\n<p>info@delu-china.com<br \/>\n<a href=\"https:\/\/delu-china.com\">https:\/\/delu-china.com<\/a><\/p>\n<p>&nbsp;<\/p>\n<p><strong>Haftungsbeschr\u00e4nkung f\u00fcr eigene Inhalte<\/strong><\/p>\n<p style=\"text-align: left\">Die Inhalte unserer Webseiten wurden sorgf\u00e4ltig und nach bestem Gewissen erstellt. Gleichwohl kann f\u00fcr die Aktualit\u00e4t, Vollst\u00e4ndigkeit und Richtigkeit s\u00e4mtlicher Seiten keine Gew\u00e4hr \u00fcbernommen werden. Gem\u00e4\u00df \u00a7 7 Abs. 1 TMG sind wir als Diensteanbieter f\u00fcr eigene Inhalte auf diesen Seiten nach den allgemeinen Gesetzen verantwortlich. Wir sind als Diensteanbieter nach den \u00a7\u00a7 8 bis 10 TMG jedoch nicht verpflichtet, \u00fcbermittelte oder gespeicherte fremde Informationen zu \u00fcberwachen. Ab dem Zeitpunkt der Kenntnis einer konkreten Rechtsverletzung erfolgt eine umgehende Entfernung dieser Inhalte durch uns. Eine diesbez\u00fcgliche Haftung kann erst ab dem Zeitpunkt der Kenntniserlangung \u00fcbernommen werden.<\/p>\n<p><strong>Haftungsbeschr\u00e4nkung f\u00fcr externe Links<\/strong><\/p>\n<p>Unsere Webseite enth\u00e4lt Verkn\u00fcpfungen zu Webseiten Dritter (sog. \u201eexterne Links\u201c). Da wir auf deren Inhalte keinen Einfluss haben, kann f\u00fcr die fremden Inhalte keine Gew\u00e4hr \u00fcbernommen werden. F\u00fcr die Inhalte und Richtigkeit der Informationen ist stets der jeweilige Informationsanbieter der verlinkten Webseite verantwortlich. Zum Zeitpunkt der Verlinkung waren keine Rechtsverst\u00f6\u00dfe erkennbar. Sobald uns eine Rechtsverletzung bekannt wird, werden wir den jeweiligen Link umgehend entfernen.<\/p>\n<p><strong><strong>Urheberrecht<\/strong><\/strong><\/p>\n<p>Die auf dieser Webseite ver\u00f6ffentlichten Inhalte und Werke unterliegen dem deutschen Urheberrecht. Jede Vervielf\u00e4ltigung, Bearbeitung, Verbreitung und jede Art der Verwertung au\u00dferhalb der Grenzen des Urheberrechts bed\u00fcrfen der vorherigen schriftlichen Zustimmung des jeweiligen Urhebers bzw. Autors.<\/p>\n<p><strong><strong>Datenschutz<\/strong><\/strong><\/p>\n<p>Durch den Besuch unserer Webseite k\u00f6nnen Informationen \u00fcber den Zugriff (Datum, Uhrzeit, aufgerufene Seite) auf dem Server gespeichert werden. Dies stellt keine Auswertung personenbezogener Daten (z.B. Name, Anschrift oder E-Mail Adresse) dar. Sofern personenbezogene Daten erhoben werden, erfolgt dies \u2013 sofern m\u00f6glich \u2013 nur mit dem vorherigen Einverst\u00e4ndnis des Nutzers der Webseite. Eine Weiterleitung der Daten an Dritte findet ohne ausdr\u00fcckliche Zustimmung des Nutzers nicht statt. Wir weisen ausdr\u00fccklich darauf hin, dass die \u00dcbertragung von Daten im Internet (z.B. per E-Mail) Sicherheitsl\u00fccken aufweisen kann. Ein l\u00fcckenloser Schutz der Daten vor dem Zugriff Dritter ist nicht m\u00f6glich. Wir k\u00f6nnen keine Haftung f\u00fcr die durch solche Sicherheitsl\u00fccken entstehenden Sch\u00e4den \u00fcbernehmen. Der Verwendung aller ver\u00f6ffentlichten Kontaktdaten durch Dritte zum Zwecke von Werbung wird ausdr\u00fccklich widersprochen. Wir behalten uns rechtliche Schritte f\u00fcr den Fall der unverlangten Zusendung von Werbeinformationen, z.B. durch Spam-Mails, vor.<\/p>\n<p><strong>Google Analytics<\/strong><\/p>\n<p>Diese Website benutzt Google Analytics, einen Webanalysedienst der Google Inc. (\u201eGoogle\u201c). Google Analytics verwendet sog. \u201eCookies\u201c, Textdateien, die auf Ihrem Computer gespeichert werden und die eine Analyse der Benutzung der Website durch Sie erm\u00f6glichen. Die durch den Cookie erzeugten Informationen \u00fcber Ihre Benutzung dieser Website (einschlie\u00dflich Ihrer IP-Adresse, die jedoch vor dem Speichern mit der Methode _anonymizeIp() anonymisiert wird, so dass sie nicht mehr einem Anschluss zugeordnet werden kann) wird an einen Server von Google in den USA \u00fcbertragen und dort gespeichert. Google wird diese Informationen benutzen, um Ihre Nutzung der Website auszuwerten, um Reports \u00fcber die Websiteaktivit\u00e4ten f\u00fcr die Websitebetreiber zusammenzustellen und um weitere mit der Websitenutzung und der Internetnutzung verbundene Dienstleistungen zu erbringen. Auch wird Google diese Informationen gegebenenfalls an Dritte \u00fcbertragen, sofern dies gesetzlich vorgeschrieben oder soweit Dritte diese Daten im Auftrag von Google verarbeiten. Google wird in keinem Fall Ihre IP-Adresse mit anderen Daten von Google in Verbindung bringen. Sie k\u00f6nnen die Installation der Cookies durch eine entsprechende Einstellung Ihrer Browser-Software verhindern; wir weisen Sie jedoch darauf hin, dass Sie in diesem Fall gegebenenfalls nicht s\u00e4mtliche Funktionen dieser Website vollumf\u00e4nglich nutzen k\u00f6nnen. Durch die Nutzung dieser Website erkl\u00e4ren Sie sich mit der Bearbeitung der \u00fcber Sie erhobenen Daten durch Google in der zuvor beschriebenen Art und Weise und zu dem zuvor benannten Zweck einverstanden.<\/p>\n<p>Sie k\u00f6nnen der Erhebung der Daten durch Google-Analytics mit Wirkung f\u00fcr die Zukunft widersprechen, indem sie ein\u00a0<a href=\"http:\/\/tools.google.com\/dlpage\/gaoptout?hl=de\">Deaktivierungs-Add-on<\/a>\u00a0f\u00fcr Ihren Browser installieren.<\/p>\n<p><strong>Facebook<\/strong><\/p>\n<p>Unser Internetauftritt verwendet Social Plugins (\u201cPlugins\u201d) des sozialen Netzwerkes facebook.com, welches von der Facebook Inc., 1601 S. California Ave, Palo Alto, CA 94304, USA betrieben wird (\u201cFacebook\u201d). Die Plugins sind an einem der Facebook Logos erkennbar (wei\u00dfes \u201ef\u201c auf blauer Kachel oder ein \u201eDaumen hoch\u201c-Zeichen) oder sind mit dem Zusatz \u201cFacebook Social Plugin\u201d gekennzeichnet. Die Liste und das Aussehen der Facebook Social Plugins kann hier eingesehen werden:\u00a0<a href=\"http:\/\/developers.facebook.com\/plugins\">http:\/\/developers.facebook.com\/plugins<\/a>.<\/p>\n<p>Wenn Sie eine Webseite unseres Internetauftritts aufrufen, die ein solches Plugin enth\u00e4lt, baut Ihr Browser eine direkte Verbindung mit den Servern von Facebook auf. Der Inhalt des Plugins wird von Facebook direkt an Ihren Browser \u00fcbermittelt und von diesem in die Webseite eingebunden. Wir haben daher keinen Einfluss auf den Umfang der Daten, die Facebook mit Hilfe dieses Plugins erhebt und informieren Sie daher entsprechend unserem\u00a0<a href=\"http:\/\/www.facebook.com\/help\/?faq=17512\">Kenntnisstand<\/a>:<\/p>\n<p>Durch die Einbindung der Plugins erh\u00e4lt Facebook die Information, dass Sie die entsprechende Seite unseres Internetauftritts aufgerufen haben. Sind Sie bei Facebook eingeloggt, kann Facebook den Besuch Ihrem Facebook-Konto zuordnen. Wenn Sie mit den Plugins interagieren, zum Beispiel den Like Button bet\u00e4tigen oder einen Kommentar abgeben, wird die entsprechende Information von Ihrem Browser direkt an Facebook \u00fcbermittelt und dort gespeichert. Falls Sie kein Mitglied von Facebook sind, besteht trotzdem die M\u00f6glichkeit, dass Facebook Ihre IP-Adresse in Erfahrung bringt und speichert.<\/p>\n<p>Zweck und Umfang der Datenerhebung und die weitere Verarbeitung und Nutzung der Daten durch Facebook sowie Ihre diesbez\u00fcglichen Rechte und Einstellungsm\u00f6glichkeiten zum Schutz Ihrer Privatssph\u00e4re entnehmen Sie bitte den Datenschutzhinweisen von Facebook:\u00a0<a href=\"http:\/\/www.facebook.com\/policy.php\">http:\/\/www.facebook.com\/policy.php<\/a>.<\/p>\n<p>Wenn Sie Facebookmitglied sind und nicht m\u00f6chten, dass Facebook \u00fcber unseren Internetauftritt Daten \u00fcber Sie sammelt und mit Ihren bei Facebook gespeicherten Mitgliedsdaten verkn\u00fcpft, m\u00fcssen Sie sich vor Ihrem Besuch unseres Internetauftritts bei Facebook ausloggen.<\/p>\n<p>Ebenfalls ist es m\u00f6glich Facebook-Social-Plugins mit Add-ons f\u00fcr Ihren Browser zu blocken, zum Beispiel mit dem\u00a0<a href=\"http:\/\/webgraph.com\/resources\/facebookblocker\/\">\u201cFacebook Blocker\u201d<\/a>.<\/p>\n<p><strong>Google+<\/strong><\/p>\n<p>Unser Internetauftritt verwendet die \u201c+1\u2033-Schaltfl\u00e4che des sozialen Netzwerkes Google Plus, welches von der Google Inc., 1600 Amphitheatre Parkway, Mountain View, CA 94043, United States betrieben wird (\u201cGoogle\u201d). Der Button ist an dem Zeichen \u201c+1\u2033 auf wei\u00dfem oder farbigen Hintergrund erkennbar.<\/p>\n<p>Wenn Sie eine Webseite unseres Internetauftritts aufrufen, die eine solche Schaltfl\u00e4che enth\u00e4lt, baut Ihr Browser eine direkte Verbindung mit den Servern von Google auf. Der Inhalt der \u201c+1\u2033-Schaltfl\u00e4che wird von Google direkt an Ihren Browser \u00fcbermittelt und von diesem in die Webseite eingebunden. Wir haben daher keinen Einfluss auf den Umfang der Daten, die Google mit der Schaltfl\u00e4che erhebt, gehen jedoch davon aus, dass Ihre IP-Adresse mit erfasst wird.<\/p>\n<p>Zweck und Umfang der Datenerhebung und die weitere Verarbeitung und Nutzung der Daten durch Google sowie Ihre diesbez\u00fcglichen Rechte und Einstellungsm\u00f6glichkeiten zum Schutz Ihrer Privatsph\u00e4re entnehmen Sie bitte Googles Datenschutzhinweisen zu der \u201c+1\u2033-Schaltfl\u00e4che:<a href=\"http:\/\/www.google.com\/intl\/de\/+\/policy\/+1button.html\">http:\/\/www.google.com\/intl\/de\/+\/policy\/+1button.html<\/a><\/p>\n<p>Wenn Sie Google Plus-Mitglied sind und nicht m\u00f6chten, dass Google \u00fcber unseren Internetauftritt Daten \u00fcber Sie sammelt und mit Ihren bei Google gespeicherten Mitgliedsdaten verkn\u00fcpft, m\u00fcssen Sie sich vor Ihrem Besuch unseres Internetauftritts bei Google Plus ausloggen.<\/p>\n<p><strong><br \/>\n<\/strong><\/p>\n","protected":false},"excerpt":{"rendered":"<p>DELU Ltd<br \/>\ninfo@delu-china.com<br \/>\nhttps:\/\/delu-china.com<br \/>\n&nbsp;<br \/>\nHaftungsbeschr\u00e4nkung f\u00fcr eigene Inhalte<br \/>\nDie Inhalte unserer Webseiten wurden sorgf\u00e4ltig und nach bestem Gewissen erstellt. Gleichwohl kann f\u00fcr die Aktualit\u00e4t, Vollst\u00e4ndigkeit und Richtigkeit s\u00e4mtlicher Seiten keine Gew\u00e4hr \u00fcbernommen werden. Gem\u00e4\u00df \u00a7 7 Abs. 1 TMG sind wir als Diensteanbieter f\u00fcr eigene Inhalte auf diesen Seiten nach den allgemeinen Gesetzen verantwortlich. Wir sind als Diensteanbieter nach den \u00a7\u00a7 8 bis 10 TMG jedoch nicht verpflichtet, \u00fcbermittelte oder gespeicherte fremde Informationen zu \u00fcberwachen. Ab dem Zeitpunkt der &#8230;<\/p>\n","protected":false},"author":5,"featured_media":0,"parent":0,"menu_order":0,"comment_status":"open","ping_status":"open","template":"","meta":{"jetpack_post_was_ever_published":false,"footnotes":""},"class_list":["post-5965","page","type-page","status-publish","hentry"],"jetpack_shortlink":"https:\/\/wp.me\/P3bAVB-1yd","jetpack_sharing_enabled":true,"_links":{"self":[{"href":"https:\/\/delu-china.com\/de\/wp-json\/wp\/v2\/pages\/5965","targetHints":{"allow":["GET"]}}],"collection":[{"href":"https:\/\/delu-china.com\/de\/wp-json\/wp\/v2\/pages"}],"about":[{"href":"https:\/\/delu-china.com\/de\/wp-json\/wp\/v2\/types\/page"}],"author":[{"embeddable":true,"href":"https:\/\/delu-china.com\/de\/wp-json\/wp\/v2\/users\/5"}],"replies":[{"embeddable":true,"href":"https:\/\/delu-china.com\/de\/wp-json\/wp\/v2\/comments?post=5965"}],"version-history":[{"count":4,"href":"https:\/\/delu-china.com\/de\/wp-json\/wp\/v2\/pages\/5965\/revisions"}],"predecessor-version":[{"id":8189,"href":"https:\/\/delu-china.com\/de\/wp-json\/wp\/v2\/pages\/5965\/revisions\/8189"}],"wp:attachment":[{"href":"https:\/\/delu-china.com\/de\/wp-json\/wp\/v2\/media?parent=5965"}],"curies":[{"name":"wp","href":"https:\/\/api.w.org\/{rel}","templated":true}]}}