{"id":5900,"date":"2012-07-09T05:56:21","date_gmt":"2012-07-09T05:56:21","guid":{"rendered":"http:\/\/www.delu-china.com\/de\/?page_id=5900"},"modified":"2013-05-24T03:37:33","modified_gmt":"2013-05-24T03:37:33","slug":"organza-beutel","status":"publish","type":"page","link":"https:\/\/delu-china.com\/de\/portfolio-gallerie\/feinste-stoffbeutel\/organza-beutel\/","title":{"rendered":"Organza Beutel"},"content":{"rendered":"<div class=\"tabs-area\"><ul class=\"tabset\"><li><a href=\"#tab-\" class=\"tab\"><span>Unsere Organzabeutel<\/span><\/a><\/li><li><a href=\"#tab-1\" class=\"tab\"><span>Kundenspezifische Organzabeutel<\/span><\/a><\/li><li><a href=\"#tab-2\" class=\"tab\"><span>Optimales Marketing mit Organzabeuteln<\/span><\/a><\/li><\/ul><div id=\"tab-\" class=\"tab-box\"><p>Unsere Organzabeutel werden ausschlie\u00dflich aus erlesenen Materialen und in Handarbeit gefertigt. Daher ist die von uns erreichte Qualit\u00e4t weitestgehend einzigartig auf dem Markt. Um weitere Informationen zu erhalten kontaktieren Sie und bitte einfach per eMail und\/oder \u00fcber unser <a href=\"https:\/\/delu-china.com\/de\/kontakt\/\">Kontaktformular<\/a>.<\/p>\n<\/div><div id=\"tab-1\" class=\"tab-box\"><p>Alle hier gezeigten Organzabeutel k\u00f6nnen jederzeit ganz individuell an Ihre Bed\u00fcrfnisse angepasst werden. Abmessungen, Farben und Logodruck sind problemlos anpassbar. F\u00fcr weitere Informationen bez\u00fcglich individueller Anpassungen, stehen wir Ihnen gerne jederzeit zur pers\u00f6nlichen Verf\u00fcgung.Bitte setzen Sie sich entweder \u00fcber unser <a href=\"https:\/\/delu-china.com\/de\/kontakt\/\">Formular<\/a> oder direkt per eMail mit uns in Kontakt.<\/p>\n<\/div><div id=\"tab-2\" class=\"tab-box\"><h3>Qualitativ hochwertige Organza Beutel und Taschen f\u00fcr den Gro\u00dfhandel.<\/h3>\n<p> Erfahrene Kunden wissen, da\u00df eine attraktive Verpackung den Verkauf f\u00f6rdert. Unsere Organza Beutel und Taschen sind hier eine optimale Verkaufsf\u00f6rderung , vor allem da hierbei eine hochwertige Verkaufsoptik erreicht wird. Unsere Organza Beutel sind in vielen verschiedenen attraktiven Farben und Gr\u00f6ssen erh\u00e4ltlich und k\u00f6nnen somit optimal an die zu verkaufenden Produkte angepasst werden. <\/p>\n<p>Wie produzieren selbstverst\u00e4ndlich auch gerne nach Ihren Ma\u00dfvorgaben und Farbvorstellungen oder auch komplett nach Ihrem Entwurf und Design Vorstellungen. Ausserdem steht eine gro\u00dfe Palette an Kordeln, Seidenb\u00e4ndern und Ripsb\u00e4ndern f\u00fcr die Veredelung der Organzabeutel zur Verf\u00fcgung.<\/p>\n<p>Teilen Sie uns einfach Ihre Vorstellungen mit und wir f\u00fchren f\u00fcr Sie das Projekt auf h\u00f6chstem Niveau hier in Fernost durch. Durch unsere Organzabeutel werden auch Sie ganz sicher den Endkunden erreichen und Ihr Produkt optimal am Markt positionieren k\u00f6nnen.<\/p>\n<p>Unsere Organzabeutel eignen sich \u00fcbrigens auch ganz hervorragend als Weinverpackung, denn unsere Kunden konnten hierbei immer grosse Erfolge am Markt erreichen.<\/p>\n<p>Wir stehen Ihnen immer gerne mit Rat und Tat zur Seite. F\u00fcr jedwelche Fragen oder Probleme, wenden Sie sich bitte ganz einfach \u00fcber unser <a href=\"https:\/\/delu-china.com\/en\/contact\/\" title=\"Kontakt DELU Ltd.\">Kontaktformular<\/a> an uns.<\/p>\n<\/div><\/div><table style=\"height: 40px\" border=\"0\">\n<tbody>\n<tr>\n<td><\/td>\n<\/tr>\n<\/tbody>\n<\/table>\n","protected":false},"excerpt":{"rendered":"<p><\/p>\n","protected":false},"author":5,"featured_media":0,"parent":5714,"menu_order":0,"comment_status":"open","ping_status":"open","template":"template-portfolio-2-columns+sidenav_left.php","meta":{"jetpack_post_was_ever_published":false,"footnotes":""},"class_list":["post-5900","page","type-page","status-publish","hentry"],"jetpack_shortlink":"https:\/\/wp.me\/P3bAVB-1xa","jetpack_sharing_enabled":true,"_links":{"self":[{"href":"https:\/\/delu-china.com\/de\/wp-json\/wp\/v2\/pages\/5900","targetHints":{"allow":["GET"]}}],"collection":[{"href":"https:\/\/delu-china.com\/de\/wp-json\/wp\/v2\/pages"}],"about":[{"href":"https:\/\/delu-china.com\/de\/wp-json\/wp\/v2\/types\/page"}],"author":[{"embeddable":true,"href":"https:\/\/delu-china.com\/de\/wp-json\/wp\/v2\/users\/5"}],"replies":[{"embeddable":true,"href":"https:\/\/delu-china.com\/de\/wp-json\/wp\/v2\/comments?post=5900"}],"version-history":[{"count":11,"href":"https:\/\/delu-china.com\/de\/wp-json\/wp\/v2\/pages\/5900\/revisions"}],"predecessor-version":[{"id":8020,"href":"https:\/\/delu-china.com\/de\/wp-json\/wp\/v2\/pages\/5900\/revisions\/8020"}],"up":[{"embeddable":true,"href":"https:\/\/delu-china.com\/de\/wp-json\/wp\/v2\/pages\/5714"}],"wp:attachment":[{"href":"https:\/\/delu-china.com\/de\/wp-json\/wp\/v2\/media?parent=5900"}],"curies":[{"name":"wp","href":"https:\/\/api.w.org\/{rel}","templated":true}]}}