{"id":5896,"date":"2012-07-09T05:43:55","date_gmt":"2012-07-09T05:43:55","guid":{"rendered":"http:\/\/www.delu-china.com\/de\/?page_id=5896"},"modified":"2013-05-24T03:33:00","modified_gmt":"2013-05-24T03:33:00","slug":"taschen-aus-vliesmaterialien","status":"publish","type":"page","link":"https:\/\/delu-china.com\/de\/portfolio-gallerie\/feinste-stoffbeutel\/taschen-aus-vliesmaterialien\/","title":{"rendered":"Taschen aus Vliesstoffen"},"content":{"rendered":"<ul class=\"accordion accord1\"><li><a href=\"#\" class=\"opener\"><strong>Unsere Taschen aus Vliesstoffen<\/strong><\/a><div class=\"slide-holder\"><div class=\"slide\"><p>Auf dieser Seite finden Sie eine feine Auswahl unserer Taschen aus Vliesmaterialien. Alle hier gezeigten Produkte k\u00f6nnen\u00a0selbstverst\u00e4ndlich\u00a0ganz speziell an Ihre individuellen\u00a0Bed\u00fcrfnisse in Punkto Gr\u00f6\u00dfen, Zuschnitten und Farben angepasst werden. Um weitere Informationen zu erhalten, w\u00fcrden wir uns sehr freuen, falls Sie mit uns direkt in <a href=\"https:\/\/delu-china.com\/de\/kontakt\/\">Kontakt<\/a> treten.<\/p>\n<\/div><\/div><\/li><\/ul><script type='text\/javascript'>jQuery(document).ready(function() {jQuery( \".accord1\" ).accordion({ active: false, autoHeight: false, header: \".opener\", collapsible: true, event: \"click\"});});<\/script>","protected":false},"excerpt":{"rendered":"","protected":false},"author":5,"featured_media":0,"parent":5714,"menu_order":0,"comment_status":"open","ping_status":"open","template":"template-portfolio-2-columns+sidenav_left.php","meta":{"jetpack_post_was_ever_published":false,"footnotes":""},"class_list":["post-5896","page","type-page","status-publish","hentry"],"jetpack_shortlink":"https:\/\/wp.me\/P3bAVB-1x6","jetpack_sharing_enabled":true,"_links":{"self":[{"href":"https:\/\/delu-china.com\/de\/wp-json\/wp\/v2\/pages\/5896","targetHints":{"allow":["GET"]}}],"collection":[{"href":"https:\/\/delu-china.com\/de\/wp-json\/wp\/v2\/pages"}],"about":[{"href":"https:\/\/delu-china.com\/de\/wp-json\/wp\/v2\/types\/page"}],"author":[{"embeddable":true,"href":"https:\/\/delu-china.com\/de\/wp-json\/wp\/v2\/users\/5"}],"replies":[{"embeddable":true,"href":"https:\/\/delu-china.com\/de\/wp-json\/wp\/v2\/comments?post=5896"}],"version-history":[{"count":6,"href":"https:\/\/delu-china.com\/de\/wp-json\/wp\/v2\/pages\/5896\/revisions"}],"predecessor-version":[{"id":8162,"href":"https:\/\/delu-china.com\/de\/wp-json\/wp\/v2\/pages\/5896\/revisions\/8162"}],"up":[{"embeddable":true,"href":"https:\/\/delu-china.com\/de\/wp-json\/wp\/v2\/pages\/5714"}],"wp:attachment":[{"href":"https:\/\/delu-china.com\/de\/wp-json\/wp\/v2\/media?parent=5896"}],"curies":[{"name":"wp","href":"https:\/\/api.w.org\/{rel}","templated":true}]}}