{"id":5891,"date":"2012-07-09T05:31:33","date_gmt":"2012-07-09T05:31:33","guid":{"rendered":"http:\/\/www.delu-china.com\/de\/?page_id=5891"},"modified":"2013-05-24T15:34:30","modified_gmt":"2013-05-24T15:34:30","slug":"stoffbaender-und-schleifen","status":"publish","type":"page","link":"https:\/\/delu-china.com\/de\/stoffbaender-und-schleifen\/","title":{"rendered":"Stoffb\u00e4nder und Schleifen"},"content":{"rendered":"<ul class=\"accordion accord1\"><li><a href=\"#\" class=\"opener\"><strong>Stoffb\u00e4nder und Schleifen<\/strong><\/a><div class=\"slide-holder\"><div class=\"slide\"><p>Auf dieser Seite finden Sie eine Auswahl unserer Stoffb\u00e4nder und Schleifen. Alle hier gezeigten Artikel k\u00f6nnen jederzeit in den Abmessungen und verwendeten Farben an Ihre Bed\u00fcrfnisse angepasst werden. Um weitere Informationen zu erhalten, k\u00f6nnen Sie uns\u00a0selbstverst\u00e4ndlich\u00a0gerne jederzeit kontaktieren. Verwenden Sie hierzu bitte einfach unser <a href=\"https:\/\/delu-china.com\/de\/kontakt\/\">Kontaktformular<\/a> auf unserer Webseite.<\/p>\n<\/div><\/div><\/li><\/ul><script type='text\/javascript'>jQuery(document).ready(function() {jQuery( \".accord1\" ).accordion({ active: false, autoHeight: false, header: \".opener\", collapsible: true, event: \"click\"});});<\/script>","protected":false},"excerpt":{"rendered":"","protected":false},"author":5,"featured_media":0,"parent":0,"menu_order":0,"comment_status":"open","ping_status":"open","template":"template-portfolio-2-columns+sidenav_left.php","meta":{"jetpack_post_was_ever_published":false,"footnotes":""},"class_list":["post-5891","page","type-page","status-publish","hentry"],"jetpack_shortlink":"https:\/\/wp.me\/P3bAVB-1x1","jetpack_sharing_enabled":true,"_links":{"self":[{"href":"https:\/\/delu-china.com\/de\/wp-json\/wp\/v2\/pages\/5891","targetHints":{"allow":["GET"]}}],"collection":[{"href":"https:\/\/delu-china.com\/de\/wp-json\/wp\/v2\/pages"}],"about":[{"href":"https:\/\/delu-china.com\/de\/wp-json\/wp\/v2\/types\/page"}],"author":[{"embeddable":true,"href":"https:\/\/delu-china.com\/de\/wp-json\/wp\/v2\/users\/5"}],"replies":[{"embeddable":true,"href":"https:\/\/delu-china.com\/de\/wp-json\/wp\/v2\/comments?post=5891"}],"version-history":[{"count":7,"href":"https:\/\/delu-china.com\/de\/wp-json\/wp\/v2\/pages\/5891\/revisions"}],"predecessor-version":[{"id":8181,"href":"https:\/\/delu-china.com\/de\/wp-json\/wp\/v2\/pages\/5891\/revisions\/8181"}],"wp:attachment":[{"href":"https:\/\/delu-china.com\/de\/wp-json\/wp\/v2\/media?parent=5891"}],"curies":[{"name":"wp","href":"https:\/\/api.w.org\/{rel}","templated":true}]}}