{"id":5714,"date":"2012-07-02T11:18:26","date_gmt":"2012-07-02T11:18:26","guid":{"rendered":"http:\/\/www.delu-china.com\/de\/?page_id=5714"},"modified":"2013-05-24T13:26:44","modified_gmt":"2013-05-24T13:26:44","slug":"feinste-stoffbeutel","status":"publish","type":"page","link":"https:\/\/delu-china.com\/de\/portfolio-gallerie\/feinste-stoffbeutel\/","title":{"rendered":"Stoffbeutel, B\u00e4nder + Schleifen"},"content":{"rendered":"<ul class=\"accordion accord1\"><li><a href=\"#\" class=\"opener\"><strong>Erlesene Produkte aus Stoffen und Vliesmaterialien<\/strong><\/a><div class=\"slide-holder\"><div class=\"slide\"><p>Bitte w\u00e4hlen Sie aus unserem reichhaltigen Programm an Stoffbeuteln, B\u00e4ndern und Schleifen. Falls Sie zu unseren Produktgruppen noch weitere Fragen haben sollten, stehen wir Ihnen jederzeit gerne mit Rat und Tat zur Verf\u00fcgung. Sie k\u00f6nnen uns hierzu jederzeit \u00fcber unser <a href=\"https:\/\/delu-china.com\/de\/kontakt\/\">Kontaktformular<\/a> erreichen.<\/p>\n<\/div><\/div><\/li><\/ul><script type='text\/javascript'>jQuery(document).ready(function() {jQuery( \".accord1\" ).accordion({ active: false, autoHeight: false, header: \".opener\", collapsible: true, event: \"click\"});});<\/script>","protected":false},"excerpt":{"rendered":"","protected":false},"author":5,"featured_media":0,"parent":4905,"menu_order":0,"comment_status":"open","ping_status":"open","template":"template-portfolio-2-columns+sidenav_left.php","meta":{"jetpack_post_was_ever_published":false,"footnotes":""},"class_list":["post-5714","page","type-page","status-publish","hentry"],"jetpack_shortlink":"https:\/\/wp.me\/P3bAVB-1ua","jetpack_sharing_enabled":true,"_links":{"self":[{"href":"https:\/\/delu-china.com\/de\/wp-json\/wp\/v2\/pages\/5714","targetHints":{"allow":["GET"]}}],"collection":[{"href":"https:\/\/delu-china.com\/de\/wp-json\/wp\/v2\/pages"}],"about":[{"href":"https:\/\/delu-china.com\/de\/wp-json\/wp\/v2\/types\/page"}],"author":[{"embeddable":true,"href":"https:\/\/delu-china.com\/de\/wp-json\/wp\/v2\/users\/5"}],"replies":[{"embeddable":true,"href":"https:\/\/delu-china.com\/de\/wp-json\/wp\/v2\/comments?post=5714"}],"version-history":[{"count":19,"href":"https:\/\/delu-china.com\/de\/wp-json\/wp\/v2\/pages\/5714\/revisions"}],"predecessor-version":[{"id":8180,"href":"https:\/\/delu-china.com\/de\/wp-json\/wp\/v2\/pages\/5714\/revisions\/8180"}],"up":[{"embeddable":true,"href":"https:\/\/delu-china.com\/de\/wp-json\/wp\/v2\/pages\/4905"}],"wp:attachment":[{"href":"https:\/\/delu-china.com\/de\/wp-json\/wp\/v2\/media?parent=5714"}],"curies":[{"name":"wp","href":"https:\/\/api.w.org\/{rel}","templated":true}]}}