{"id":5185,"date":"2012-04-12T06:26:02","date_gmt":"2012-04-12T06:26:02","guid":{"rendered":"http:\/\/www.delu-china.com\/?page_id=5185"},"modified":"2013-05-24T02:54:56","modified_gmt":"2013-05-24T02:54:56","slug":"ueber-uns","status":"publish","type":"page","link":"https:\/\/delu-china.com\/de\/ueber-uns\/","title":{"rendered":"\u00dcber uns"},"content":{"rendered":"<div class=\"callout-wrap\"><span>Unser Unternehmen - Der Schl\u00fcssel zu Ihrem Erfolg in China<\/span><\/div><!-- end callout-wrap --><br class=\"clear\" \/>\n<br \/>\n<h5>Delu Ltd. [zu deutsch: deutscher Weg] wurde im Jahre 2003 in China durch ein deutsches Management gegr\u00fcndet, welches bereits zuvor 20 Jahre Erfahrungen in der Herstellung von Verpackungen, Dekorationen und Pr\u00e4sentationsartikeln in Deutschland sammelte. Der Unternehmenssitz der Delu Ltd. befindet sich im Herzen von Shenzhen (Provinz Guangdong \/ n\u00e4he Hong-Kong), welches zu der am st\u00e4rksten wachsenden und infrastrukturell am weitesten entwickelten Provinzen Chinas geh\u00f6rt. Wir verstehen uns als Produktionspartner und Beratungsunternehmen f\u00fcr Verpackungs, Dekorations- und Pr\u00e4sentationsartikeln. <a href=\"https:\/\/delu-china.com\/wp-content\/uploads\/3d_key-150x.png\"><img decoding=\"async\" class=\"alignright\" src=\"https:\/\/delu-china.com\/wp-content\/uploads\/3d_key-150x.png\" alt=\"DELU Ltd. \" \/><\/a>In dieser Funktion unterst\u00fctzen wir haupts\u00e4chlich ausl\u00e4ndische Firmen aus Europa und Nordamerika w\u00e4hrend aller Beschaffungsaktivit\u00e4ten in China.\u00a0Bei der Beratung unserer Kunden k\u00f6nnen wir hierbei auf \u00a0langj\u00e4hrige Erfahrungen und Partnerschaften auf dem chinesischen Markt zur\u00fcckgreifen. Herausragend ist hierbei sicherlich auch die Tatsache, da\u00df unser Unternehmen eine ausgezeichneten Unterst\u00fctzung in den Muttersprachen deutsch, englisch und chinesisch bietet. Somit werden Kommunikations- sowie kulturelle Schranken von Anfang an umgangen.<\/h5>\n","protected":false},"excerpt":{"rendered":"","protected":false},"author":5,"featured_media":0,"parent":0,"menu_order":0,"comment_status":"open","ping_status":"open","template":"","meta":{"jetpack_post_was_ever_published":false,"footnotes":""},"class_list":["post-5185","page","type-page","status-publish","hentry"],"jetpack_shortlink":"https:\/\/wp.me\/P3bAVB-1lD","jetpack_sharing_enabled":true,"_links":{"self":[{"href":"https:\/\/delu-china.com\/de\/wp-json\/wp\/v2\/pages\/5185","targetHints":{"allow":["GET"]}}],"collection":[{"href":"https:\/\/delu-china.com\/de\/wp-json\/wp\/v2\/pages"}],"about":[{"href":"https:\/\/delu-china.com\/de\/wp-json\/wp\/v2\/types\/page"}],"author":[{"embeddable":true,"href":"https:\/\/delu-china.com\/de\/wp-json\/wp\/v2\/users\/5"}],"replies":[{"embeddable":true,"href":"https:\/\/delu-china.com\/de\/wp-json\/wp\/v2\/comments?post=5185"}],"version-history":[{"count":7,"href":"https:\/\/delu-china.com\/de\/wp-json\/wp\/v2\/pages\/5185\/revisions"}],"predecessor-version":[{"id":8155,"href":"https:\/\/delu-china.com\/de\/wp-json\/wp\/v2\/pages\/5185\/revisions\/8155"}],"wp:attachment":[{"href":"https:\/\/delu-china.com\/de\/wp-json\/wp\/v2\/media?parent=5185"}],"curies":[{"name":"wp","href":"https:\/\/api.w.org\/{rel}","templated":true}]}}