{"id":210,"date":"2011-10-19T05:49:19","date_gmt":"2011-10-19T05:49:19","guid":{"rendered":"http:\/\/delu3\/wordpress\/?page_id=210"},"modified":"2013-05-27T22:49:57","modified_gmt":"2013-05-27T22:49:57","slug":"erfahrung","status":"publish","type":"page","link":"https:\/\/delu-china.com\/de\/erfahrung\/","title":{"rendered":"Erfahrung"},"content":{"rendered":"<p><!--:de--><\/p>\n<p><strong><span style=\"font-size: medium\">Unsere Erfahrung \u2014 Ihr Vorteil !<\/span><br \/>\n<\/strong><\/p>\n<p><span style=\"font-size: medium\">In den letzten Jahren bearbeitete unser Unternehmen in ganz China eine Reihe von Projekten im Verpackungsbereich f\u00fcr namhafte Kunden aus aller Welt.<\/span><\/p>\n<p><span style=\"font-size: medium\">Bei einer Zusammenarbeit mit uns profitieren Sie somit nicht nur von unseren allgemeinen Kenntnissen \u00fcber den chinesischen Markt,<\/span> <img decoding=\"async\" class=\"alignright\" src=\"https:\/\/delu-china.com\/wp-content\/uploads\/3d_experience-x150.png\" alt=\"Wordwide Experience\" \/><span style=\"font-size: medium\">sondern auch durch unsere Expertise im<\/span> <span style=\"font-size: medium\">Bereich von Papierprodukten aus unz\u00e4hligen Produktgruppen. Unser Team ist hierbei immer bestens \u00fcber s\u00e4mtliche Produktionsm\u00f6glichkeiten und Techniken informiert und kann somit immer die bestm\u00f6gliche L\u00f6sung bieten. Auch und vor allem unsere langj\u00e4hrige Kommunikation mit Kunden \u00fcber alle Grenzen hinweg und der daraus resultierende Erfahrungsschatz der Anforderungen an verschiedenen M\u00e4rkte, er\u00f6ffnet unseren Kunden immer wieder neue Wege und M\u00f6glichkeiten.<\/span><\/p>\n<p>&nbsp;<\/p>\n<p><!--:--><!--:en--><\/p>\n<p>&nbsp;<\/p>\n<p><!--:--><\/p>\n","protected":false},"excerpt":{"rendered":"<p>\nUnsere Erfahrung \u2014 Ihr Vorteil !<\/p>\n<p>In den letzten Jahren bearbeitete unser Unternehmen in ganz China eine Reihe von Projekten im Verpackungsbereich f\u00fcr namhafte Kunden aus aller Welt.<br \/>\nBei einer Zusammenarbeit mit uns profitieren Sie somit nicht nur von unseren allgemeinen Kenntnissen \u00fcber den chinesischen Markt, sondern auch durch unsere Expertise im Bereich von Papierprodukten aus unz\u00e4hligen Produktgruppen. Unser Team ist hierbei immer bestens \u00fcber s\u00e4mtliche Produktionsm\u00f6glichkeiten und Techniken informiert und kann somit immer die bestm\u00f6gliche L\u00f6sung bieten. &#8230;<\/p>\n","protected":false},"author":5,"featured_media":0,"parent":0,"menu_order":5,"comment_status":"open","ping_status":"open","template":"","meta":{"jetpack_post_was_ever_published":false,"footnotes":""},"class_list":["post-210","page","type-page","status-publish","hentry"],"jetpack_shortlink":"https:\/\/wp.me\/P3bAVB-3o","jetpack_sharing_enabled":true,"_links":{"self":[{"href":"https:\/\/delu-china.com\/de\/wp-json\/wp\/v2\/pages\/210","targetHints":{"allow":["GET"]}}],"collection":[{"href":"https:\/\/delu-china.com\/de\/wp-json\/wp\/v2\/pages"}],"about":[{"href":"https:\/\/delu-china.com\/de\/wp-json\/wp\/v2\/types\/page"}],"author":[{"embeddable":true,"href":"https:\/\/delu-china.com\/de\/wp-json\/wp\/v2\/users\/5"}],"replies":[{"embeddable":true,"href":"https:\/\/delu-china.com\/de\/wp-json\/wp\/v2\/comments?post=210"}],"version-history":[{"count":2,"href":"https:\/\/delu-china.com\/de\/wp-json\/wp\/v2\/pages\/210\/revisions"}],"predecessor-version":[{"id":8359,"href":"https:\/\/delu-china.com\/de\/wp-json\/wp\/v2\/pages\/210\/revisions\/8359"}],"wp:attachment":[{"href":"https:\/\/delu-china.com\/de\/wp-json\/wp\/v2\/media?parent=210"}],"curies":[{"name":"wp","href":"https:\/\/api.w.org\/{rel}","templated":true}]}}