{"id":153,"date":"2011-10-17T08:18:38","date_gmt":"2011-10-17T08:18:38","guid":{"rendered":"http:\/\/delu3\/wordpress\/?page_id=153"},"modified":"2013-05-24T03:37:05","modified_gmt":"2013-05-24T03:37:05","slug":"optimierung","status":"publish","type":"page","link":"https:\/\/delu-china.com\/de\/dienstleistung_service\/optimierung\/","title":{"rendered":"Optimierung"},"content":{"rendered":"<div class=\"callout-wrap\"><span>Wettbewerbsf\u00e4hig durch kontinuierliche Verbesserung<\/span><\/div><!-- end callout-wrap --><br class=\"clear\" \/>\n<h5>Nicht zuletzt aufgrund der stetig steigenden Lohnkosten sind chinesische Unternehmen und deren Gesch\u00e4ftspartner mit einem zunehmenden Kostendruck konfrontiert. Dabei besteht gerade in chinesischen Produktionen ein enormes Optimierungspotential. So k\u00f6nnen meist schon durch kleine, kosteng\u00fcnstige Investitionen oder Umorganisierung der Prozesse eine schnelle Amortisierung der Investition erfolgen.<\/h5>\n<h5>Delu Ltd. wird daher von Lieferanten oder Kundeseite beauftragt Produktionen zu auditieren und entsprechende Optimierungen vorzuschlagen. Auch hier gehen wir nach einem bew\u00e4hrten Schema vor. In einem Vorabaudit wird zun\u00e4chst der komplette Produktionsprozess sowie die eingesetzten Maschinen dokumentiert. Anschlie\u00dfend werden unter Einbeziehung der Mitarbeiter vor Ort m\u00f6gliche Verbesserungsma\u00dfnahmen gesammelt und diskutiert. <img decoding=\"async\" class=\"alignright\" src=\"https:\/\/delu-china.com\/wp-content\/uploads\/3d_optimization-150x.png\" alt=\"Optimization, Optimierung, \u4f18\u5316\u8fc7\u7a0b\" \/>Delu Ltd. bewertet die m\u00f6glichen Verbesserungen anhand deren Umsetzbarkeit, Amortisationszeit sowie der Rentabilit\u00e4t.<\/h5>\n<h5>Uns zeichnet dabei aus, dass wir unsere Verantwortung nicht lediglich in der Erkennung und Bewertung von Verbesserungsm\u00f6glichkeiten sehen, sondern auch deren Umsetzung begleiten. Dabei legen wir Wert darauf, dass die eingeleiteten Ma\u00dfnahmen auch im Tagesgesch\u00e4ft funktionieren.<\/h5>\n<h5>Wir unterst\u00fctzen Sie somit nicht nur bei der Anschaffung der Investition sondern bleiben so lange aktiv, bis diese sich im operativen Gesch\u00e4ft bew\u00e4hrt.<\/h5>\n<p>&nbsp;<\/p>\n","protected":false},"excerpt":{"rendered":"<p>&nbsp;<\/p>\n","protected":false},"author":5,"featured_media":0,"parent":2571,"menu_order":9,"comment_status":"open","ping_status":"open","template":"","meta":{"jetpack_post_was_ever_published":false,"footnotes":""},"class_list":["post-153","page","type-page","status-publish","hentry"],"jetpack_shortlink":"https:\/\/wp.me\/P3bAVB-2t","jetpack_sharing_enabled":true,"_links":{"self":[{"href":"https:\/\/delu-china.com\/de\/wp-json\/wp\/v2\/pages\/153","targetHints":{"allow":["GET"]}}],"collection":[{"href":"https:\/\/delu-china.com\/de\/wp-json\/wp\/v2\/pages"}],"about":[{"href":"https:\/\/delu-china.com\/de\/wp-json\/wp\/v2\/types\/page"}],"author":[{"embeddable":true,"href":"https:\/\/delu-china.com\/de\/wp-json\/wp\/v2\/users\/5"}],"replies":[{"embeddable":true,"href":"https:\/\/delu-china.com\/de\/wp-json\/wp\/v2\/comments?post=153"}],"version-history":[{"count":10,"href":"https:\/\/delu-china.com\/de\/wp-json\/wp\/v2\/pages\/153\/revisions"}],"predecessor-version":[{"id":8163,"href":"https:\/\/delu-china.com\/de\/wp-json\/wp\/v2\/pages\/153\/revisions\/8163"}],"up":[{"embeddable":true,"href":"https:\/\/delu-china.com\/de\/wp-json\/wp\/v2\/pages\/2571"}],"wp:attachment":[{"href":"https:\/\/delu-china.com\/de\/wp-json\/wp\/v2\/media?parent=153"}],"curies":[{"name":"wp","href":"https:\/\/api.w.org\/{rel}","templated":true}]}}