{"id":147,"date":"2011-10-17T07:56:04","date_gmt":"2011-10-17T07:56:04","guid":{"rendered":"http:\/\/delu3\/wordpress\/?page_id=147"},"modified":"2015-07-23T19:51:11","modified_gmt":"2015-07-23T19:51:11","slug":"qualitaetssicherung-qa-qc","status":"publish","type":"page","link":"https:\/\/delu-china.com\/de\/dienstleistung_service\/qualitaetssicherung-qa-qc\/","title":{"rendered":"Qualit\u00e4tssicherung"},"content":{"rendered":"<div class=\"callout-wrap\"><span>Immer auf dem Laufenden - Keine b\u00f6sen \u00dcberraschungen !<\/span><\/div><!-- end callout-wrap --><br class=\"clear\" \/>\n<h5>Die Delu Ltd. unterst\u00fctzt Sie beim Monitoring Ihrer Einkaufsaktivit\u00e4ten in China. Dabei verfolgen wir kontinuierlich die Termineinhaltung Ihrer Auftr\u00e4ge. Wir besuchen hierzu in festgelegten Abst\u00e4nden die Produktion Ihrer Lieferanten, um zuverl\u00e4ssige Informationen an Sie weitergeben zu k\u00f6nnen. Sie sind somit stets aus einer zuverl\u00e4ssigen Quelle \u00fcber den Stand Ihrer aktuellen Vorg\u00e4nge informiert. Vor allem kleine und mittlere Unternehmen sind oftmals mit Lieferverzuegen bei deren chinesischen Lieferanten konfrontiert. Diese entstehen meist dadurch, dass diese Grossauftr\u00e4ge gegen\u00fcber kleineren Auftr\u00e4gen bevorzugen, auch wenn dies einen versp\u00e4teten Liefertermin zur Folge hat.<\/h5>\n<h5>Durch unsere starke Position in den Produktionen, verf\u00fcgt Delu Ltd. \u00fcber die M\u00f6glichkeit Ihre Auftr\u00e4ge entsprechend zu priorisieren. Sie wissen somit einen starken Partner an Ihrer Seite, vor allem mit entsprechender Verhandlungsposition. Um die geforderte Qualit\u00e4t sicherzustellen, kontrolliert Delu Ltd. schon w\u00e4hrend des Produktionsprozesses die hergestellte Ware. <img decoding=\"async\" class=\"alignright\" src=\"https:\/\/delu-china.com\/wp-content\/uploads\/3d_follow_up-150x.png\" alt=\"Order follow-up, Auftragsverfolgung, \u8ba2\u5355\u8ddf\u8fdb\uff0c\u8d28\u91cf\u4fdd\u8bc1\" \/>Wobei viele unserer Kunden schon im Vorfeld weitere Qualit\u00e4tskriterien definieren, die in der Stichprobe zu erf\u00fcllen sind. Somit sind wir immer in der Lage vor Ort unmittelbar zu reagieren. Durch das kontinuierliche Verfolgen der Produktion\u00a0wird das Risiko von Lieferverz\u00f6gerungen deutlich verringert und zus\u00e4tzlichen Kosten vorgebeugt. Neben der kontinuierlichen Produktionsverfolgung wird von uns zus\u00e4tzlich eine Endabnahme der produzierten Ware durchgef\u00fchrt. Erst nach Freigabe wird die Ware an den Spediteur zur Verschiffung weitergeleitet.<\/h5>\n<p>&nbsp;<\/p>\n","protected":false},"excerpt":{"rendered":"<p>&nbsp;<\/p>\n","protected":false},"author":5,"featured_media":0,"parent":2571,"menu_order":4,"comment_status":"open","ping_status":"open","template":"","meta":{"jetpack_post_was_ever_published":false,"footnotes":""},"class_list":["post-147","page","type-page","status-publish","hentry"],"jetpack_shortlink":"https:\/\/wp.me\/P3bAVB-2n","jetpack_sharing_enabled":true,"_links":{"self":[{"href":"https:\/\/delu-china.com\/de\/wp-json\/wp\/v2\/pages\/147","targetHints":{"allow":["GET"]}}],"collection":[{"href":"https:\/\/delu-china.com\/de\/wp-json\/wp\/v2\/pages"}],"about":[{"href":"https:\/\/delu-china.com\/de\/wp-json\/wp\/v2\/types\/page"}],"author":[{"embeddable":true,"href":"https:\/\/delu-china.com\/de\/wp-json\/wp\/v2\/users\/5"}],"replies":[{"embeddable":true,"href":"https:\/\/delu-china.com\/de\/wp-json\/wp\/v2\/comments?post=147"}],"version-history":[{"count":13,"href":"https:\/\/delu-china.com\/de\/wp-json\/wp\/v2\/pages\/147\/revisions"}],"predecessor-version":[{"id":8470,"href":"https:\/\/delu-china.com\/de\/wp-json\/wp\/v2\/pages\/147\/revisions\/8470"}],"up":[{"embeddable":true,"href":"https:\/\/delu-china.com\/de\/wp-json\/wp\/v2\/pages\/2571"}],"wp:attachment":[{"href":"https:\/\/delu-china.com\/de\/wp-json\/wp\/v2\/media?parent=147"}],"curies":[{"name":"wp","href":"https:\/\/api.w.org\/{rel}","templated":true}]}}