{"id":143,"date":"2011-10-17T07:10:50","date_gmt":"2011-10-17T07:10:50","guid":{"rendered":"http:\/\/delu3\/wordpress\/?page_id=143"},"modified":"2015-07-23T19:56:58","modified_gmt":"2015-07-23T19:56:58","slug":"produktion","status":"publish","type":"page","link":"https:\/\/delu-china.com\/de\/dienstleistung_service\/produktion\/","title":{"rendered":"Produktion"},"content":{"rendered":"<div class=\"callout-wrap\"><span>Lieferantensuche ueber das Internet (Alibaba &amp; Co.)<\/span><\/div><!-- end callout-wrap --><br class=\"clear\" \/>\n<h5>In der Vergangenheit hat sich gezeigt, dass ein Lieferantensourcing in China \u00fcber beispielsweise die Internetplattform Alibaba.com ohne anschlie\u00dfende Audits verheerende Folgen haben kann. Aufgrund des Preisvergleichs, der im Vordergrund dieser Portale steht, r\u00fcckt die Qualit\u00e4t der Ware und die Kulanz der Lieferanten erfahrungsgem\u00e4\u00df in den Hintergrund. Oftmals bieten Hersteller auf diesen Portalen konkurrenzlos g\u00fcnstige Preise, in Verbindung mit f\u00fcr die Kunden riskanten Zahlungsbedingungen. Nicht selten verlangen diese Lieferanten eine Vorfinanzierung von 50 %\u00a0 oder mehr und eine Vollbezahlung der Ware bei \u00dcbergabe der Verschiffungspapiere. Kommt es nach Bezahlung zu einer Reklamation der Ware, stellt es sich f\u00fcr ausl\u00e4ndische Unternehmen schwer dar, ihre Forderungen gegen\u00fcber dem Lieferanten geltend zu machen. Um daher im Vorfeld einen m\u00f6glichst zuverl\u00e4ssigen Lieferanten zu finden, recherchiert Delu Ltd. f\u00fcr und mit Ihnen und auditiert die Unternehmen im Anschluss und in Ihrem Auftrag.<\/h5>\n<div class=\"callout-wrap\"><span>Vorgehensweise<\/span><\/div><!-- end callout-wrap --><br class=\"clear\" \/>\n<h5>Delu Ltd. trifft dazu f\u00fcr seine Kunden zun\u00e4chst eine Vorauswahl an m\u00f6glichen Lieferanten. Dabei nutzt Delu Ltd. meist sein bestehendes Netzwerk, um schon zu Beginn ein m\u00f6glichst hohes Lieferartenniveau sicherzustellen. Im zweiten Schritt schicken die Lieferanten i.d.R unseren Kunden Produktmuster zu. Nachdem diese begutachtet wurden, erhalten wir R\u00fcckmeldung dar\u00fcber, welche Muster die geforderten Erwartungen erf\u00fcllen. <img decoding=\"async\" class=\"alignright\" src=\"https:\/\/delu-china.com\/wp-content\/uploads\/3d_search-150x.png\" alt=\"Sourcing, Lieferantensuche, \u8d44\u6e90\u5bfb\u627e\" \/>Um sicherzustellen, dass die sp\u00e4ter produzierte Ware mit den gesendeten Mustern \u00fcbereinstimmt, auditieren wir die entsprechenden Lieferanten. Unser Kunde erh\u00e4lt darauf folgend einen ausf\u00fchrlichen Bericht der einen detaillierten Eindruck \u00fcber die Produktion und Organisation der potentiellen Lieferanten vermittelt. Dabei arbeitet Delu Ltd. nach standardisierten Vorgehensweisen und pr\u00fcft ebenfalls die Einhaltung von ISO 9001 und GMP Anforderungen. Ist unser Kunde mit einem oder mehreren Lieferanten zufrieden unterst\u00fctzen wir Ihn bei der Ausgestaltung der Vertrags- und Zahlungsbedingungen.<\/h5>\n<p>&nbsp;<\/p>\n","protected":false},"excerpt":{"rendered":"<p>&nbsp;<\/p>\n","protected":false},"author":5,"featured_media":0,"parent":2571,"menu_order":3,"comment_status":"open","ping_status":"open","template":"","meta":{"jetpack_post_was_ever_published":false,"footnotes":""},"class_list":["post-143","page","type-page","status-publish","hentry"],"jetpack_shortlink":"https:\/\/wp.me\/P3bAVB-2j","jetpack_sharing_enabled":true,"_links":{"self":[{"href":"https:\/\/delu-china.com\/de\/wp-json\/wp\/v2\/pages\/143","targetHints":{"allow":["GET"]}}],"collection":[{"href":"https:\/\/delu-china.com\/de\/wp-json\/wp\/v2\/pages"}],"about":[{"href":"https:\/\/delu-china.com\/de\/wp-json\/wp\/v2\/types\/page"}],"author":[{"embeddable":true,"href":"https:\/\/delu-china.com\/de\/wp-json\/wp\/v2\/users\/5"}],"replies":[{"embeddable":true,"href":"https:\/\/delu-china.com\/de\/wp-json\/wp\/v2\/comments?post=143"}],"version-history":[{"count":10,"href":"https:\/\/delu-china.com\/de\/wp-json\/wp\/v2\/pages\/143\/revisions"}],"predecessor-version":[{"id":8471,"href":"https:\/\/delu-china.com\/de\/wp-json\/wp\/v2\/pages\/143\/revisions\/8471"}],"up":[{"embeddable":true,"href":"https:\/\/delu-china.com\/de\/wp-json\/wp\/v2\/pages\/2571"}],"wp:attachment":[{"href":"https:\/\/delu-china.com\/de\/wp-json\/wp\/v2\/media?parent=143"}],"curies":[{"name":"wp","href":"https:\/\/api.w.org\/{rel}","templated":true}]}}