{"id":137,"date":"2011-10-17T06:30:50","date_gmt":"2011-10-17T06:30:50","guid":{"rendered":"http:\/\/delu3\/wordpress\/?page_id=137"},"modified":"2013-05-24T07:10:55","modified_gmt":"2013-05-24T07:10:55","slug":"beratung","status":"publish","type":"page","link":"https:\/\/delu-china.com\/de\/dienstleistung_service\/beratung\/","title":{"rendered":"Beratung"},"content":{"rendered":"<div class=\"callout-wrap\"><span>Einkaufen in China - Mit uns keine Abenteuer.<\/span><\/div><!-- end callout-wrap --><br class=\"clear\" \/>\n<h5>Delu Ltd. bietet Ihnen bereits bei der Frage, ob ein Engagement auf dem chinesischen Markt sinnvoll ist, Unterstuetzung. Oftmals werden gerade von meist mittelstaendischen Unternehmen die Besonderheiten des chinesischen Marktes untersch\u00e4tzt, wodurch unerwartete Folgekosten entstehen k\u00f6nnen. Um m\u00f6glichst gut auf zuk\u00fcnftige Einkaufsaktivit\u00e4ten in China vorbereitet zu sein, unterst\u00fctzen wir Sie mit unseren langj\u00e4hrigen Im- \/ Exporterfahrungen im chinesischen Markt. Wir\u00a0identifizieren f\u00fcr Sie m\u00f6gliche Chancen und Risiken bei einem Bezug der Produkte aus Fern-Ost, und begleiten Sie bei der Abw\u00e4gung der daraus f\u00fcr Sie resultierenden Vor- und Nachteile. Diese k\u00f6nnen je nach Provinz erheblich variieren und dementsprechend Risiken beinhalten. <img decoding=\"async\" class=\"alignright\" src=\"https:\/\/delu-china.com\/wp-content\/uploads\/3d_consulting-150x.png\" alt=\"Consulting, Beratung, \u4fe1\u606f\u54a8\u8be2\" \/>Sie erfahren somit bereits im Vorfeld welche Einfl\u00fcsse es zu beachten gilt und k\u00f6nnen sich bewusst f\u00fcr oder gegen eine Beschaffung aus China entscheiden. M\u00f6chten Sie \u00a0im Reich der Mitte aktiv werden, k\u00f6nnen sie somit vorab Ma\u00dfnahmen einleiten, um eine reibungslose Beschaffung zu gew\u00e4hrleisteten. Gem\u00e4\u00df dem Pareto-Prinzip, kann somit bereits durch einen geringen Aufwand hohen Folgekosten vorgebeugt werden.<\/h5>\n<p>&nbsp;<\/p>\n","protected":false},"excerpt":{"rendered":"<p>&nbsp;<\/p>\n","protected":false},"author":5,"featured_media":0,"parent":2571,"menu_order":2,"comment_status":"open","ping_status":"open","template":"","meta":{"jetpack_post_was_ever_published":false,"footnotes":""},"class_list":["post-137","page","type-page","status-publish","hentry"],"jetpack_shortlink":"https:\/\/wp.me\/P3bAVB-2d","jetpack_sharing_enabled":true,"_links":{"self":[{"href":"https:\/\/delu-china.com\/de\/wp-json\/wp\/v2\/pages\/137","targetHints":{"allow":["GET"]}}],"collection":[{"href":"https:\/\/delu-china.com\/de\/wp-json\/wp\/v2\/pages"}],"about":[{"href":"https:\/\/delu-china.com\/de\/wp-json\/wp\/v2\/types\/page"}],"author":[{"embeddable":true,"href":"https:\/\/delu-china.com\/de\/wp-json\/wp\/v2\/users\/5"}],"replies":[{"embeddable":true,"href":"https:\/\/delu-china.com\/de\/wp-json\/wp\/v2\/comments?post=137"}],"version-history":[{"count":7,"href":"https:\/\/delu-china.com\/de\/wp-json\/wp\/v2\/pages\/137\/revisions"}],"predecessor-version":[{"id":8175,"href":"https:\/\/delu-china.com\/de\/wp-json\/wp\/v2\/pages\/137\/revisions\/8175"}],"up":[{"embeddable":true,"href":"https:\/\/delu-china.com\/de\/wp-json\/wp\/v2\/pages\/2571"}],"wp:attachment":[{"href":"https:\/\/delu-china.com\/de\/wp-json\/wp\/v2\/media?parent=137"}],"curies":[{"name":"wp","href":"https:\/\/api.w.org\/{rel}","templated":true}]}}